{"id":1069,"date":"2025-12-15T10:52:36","date_gmt":"2025-12-15T08:52:36","guid":{"rendered":"https:\/\/geopool.fi\/company\/"},"modified":"2025-12-15T10:52:38","modified_gmt":"2025-12-15T08:52:38","slug":"yritys","status":"publish","type":"page","link":"https:\/\/geopool.fi\/fi\/yritys\/","title":{"rendered":"Yritys"},"content":{"rendered":"\n<div class=\"has-pattern has-pattern-top-left -header font-weight-500 wp-elements-34c65a66dd4729b23e59d717d7baf022 wp-block-wm-header has-text-color has-milk-color has-background has-crowberry-blue-background-color\">\n    <div id=\"top\" class=\"wp-block-wm-header__inner\">\n        \n\n<div class=\"wp-block-columns -c6-6 gx-redesigned-10 row\">\n<div class=\"wp-block-column col\">\n<h1 class=\"wp-block-heading\">YRITYS<\/h1>\n\n\n\n<p class=\"wm-rfs-p-20\"><strong>GeoPool perustettiin vuonna 2007<\/strong> vastaamaan Fennoskandian kasvavaan malminetsint\u00e4palveluiden kysynt\u00e4\u00e4n. Sen j\u00e4lkeen olemme kasvaneet alan luotetuksi kumppaniksi ja laajentaneet osaamistamme. Nyky\u00e4\u00e4n tiimimme koostuu <strong>noin 40 taitavasta ammattilaisesta<\/strong>, jotka tarjoavat kattavan valikoiman malminetsint\u00e4palveluita kentt\u00e4tutkimuksista ja geologisista selvityksist\u00e4 luvitukseen ja tekniseen neuvontaan.<\/p>\n<\/div>\n\n\n\n<div class=\"wp-block-column col\">\n<figure class=\"wp-block-image alignright size-full\"><img decoding=\"async\" width=\"1000\" height=\"909\" src=\"https:\/\/geopool.fi\/wp-content\/uploads\/2025\/11\/company_web.png\" alt=\"\" class=\"wp-image-4001\" srcset=\"https:\/\/geopool.fi\/wp-content\/uploads\/2025\/11\/company_web.png 1000w, https:\/\/geopool.fi\/wp-content\/uploads\/2025\/11\/company_web-500x455.png 500w, https:\/\/geopool.fi\/wp-content\/uploads\/2025\/11\/company_web-768x698.png 768w\" sizes=\"(max-width: 1000px) 100vw, 1000px\" \/><\/figure>\n<\/div>\n<\/div>\n\n\n\n<figure class=\"wp-block-image aligncenter size-full wm-companyGraphic -desktop\"><img decoding=\"async\" width=\"1393\" height=\"500\" src=\"https:\/\/geopool.fi\/wp-content\/uploads\/2025\/11\/geopool_graph_1_long_fi.svg\" alt=\"\" class=\"wp-image-3580\"\/><\/figure>\n\n\n\n<figure class=\"wp-block-image size-full wm-companyGraphic -mobile\"><img decoding=\"async\" width=\"370\" height=\"957\" src=\"https:\/\/geopool.fi\/wp-content\/uploads\/2025\/11\/geopool_element_info_company_fi.png\" alt=\"\" class=\"wp-image-3634\" srcset=\"https:\/\/geopool.fi\/wp-content\/uploads\/2025\/11\/geopool_element_info_company_fi.png 370w, https:\/\/geopool.fi\/wp-content\/uploads\/2025\/11\/geopool_element_info_company_fi-193x500.png 193w\" sizes=\"(max-width: 370px) 100vw, 370px\" \/><\/figure>\n\n\n\n<p>GeoPoolilla on <mark style=\"background-color:rgba(0, 0, 0, 0)\" class=\"has-inline-color has-akaora-color\"><strong>rekister\u00f6idyt yritykset Suomessa, Ruotsissa, Norjassa, Kanadassa ja Slovakiassa<\/strong><\/mark>, joten se on hyv\u00e4ss\u00e4 asemassa tarjoamaan palveluita laajalla maantieteellisell\u00e4 alueella. <strong><mark style=\"background-color:rgba(0, 0, 0, 0)\" class=\"has-inline-color has-akaora-color\">P\u00e4\u00e4konttorimme Suomessa<\/mark><\/strong> sijaitsee k\u00e4tev\u00e4sti l\u00e4hell\u00e4 Helsinki-Vantaan lentokentt\u00e4\u00e4, mik\u00e4 takaa helpon p\u00e4\u00e4syn my\u00f6s kansainv\u00e4lisille asiakkaille. Samoin <strong><mark style=\"background-color:rgba(0, 0, 0, 0)\" class=\"has-inline-color has-akaora-color\">toimistomme Tukholman keskustassa<\/mark><\/strong> toimii t\u00e4rke\u00e4n\u00e4 kohtaamispaikkana Ruotsissa toimiville kumppaneillemme. Keski-Lapissa, Sodankyl\u00e4ss\u00e4 sijaitseva <strong><mark style=\"background-color:rgba(0, 0, 0, 0)\" class=\"has-inline-color has-akaora-color\">GeoPool Exploration Hub<\/mark><\/strong> tarjoaa edistykselliset n\u00e4ytteenk\u00e4sittelytilat ja teknist\u00e4 tukea pohjoismaisille asiakkaillemme.<\/p>\n\n    <\/div>\n<\/div>\n\n\n<section class=\"wp-elements-920fabcde01bb799d38da68594d8d98c wp-block-wm-section has-text-color has-crowberry-blue-color has-background has-opal-background-color\">\n\t\t<div class=\"wp-block-wm-section__inner\">\n\t\t\n\n<h2 class=\"wp-block-heading has-text-align-center wm-rfs-h-33 wm-mb-4\">Referenssi<\/h2>\n\n\n\n<div class=\"wp-block-wm-testimonials\">\n    <div class=\"wp-block-wm-testimonials__carousel\">\n        \n\n<blockquote class=\"wp-block-quote has-text-align-center -testimonial\">\n<p><em>\u201dL\u00e4pi vuosien, joina olemme tehneet malminetsint\u00e4\u00e4 Suomen Lapissa, GeoPool on ollut avaintekij\u00e4 menestyksekk\u00e4\u00e4ss\u00e4 toiminnassamme alueella. GeoPool on tarjonnut asiantuntemusta nykyisest\u00e4 kaivoslaista sek\u00e4 lupahakemuksista ja niiden hallinnointij\u00e4rjestelm\u00e4st\u00e4, paikallistuntemusta, joka helpottaa v\u00e4ltt\u00e4m\u00e4t\u00f6nt\u00e4 viestint\u00e4\u00e4 ja auttaa yll\u00e4pit\u00e4m\u00e4\u00e4n suhteita maanomistajiin ja sidosryhmiin, sek\u00e4 ohjausta ja tukea monilla aloilla, jotka ovat t\u00e4rkeit\u00e4 kaikissa tutkimusohjelmissa. Heid\u00e4n palveluvalikoimaansa voidaan r\u00e4\u00e4t\u00e4l\u00f6id\u00e4 projektisi erityisvaatimusten mukaan, ja heid\u00e4n huomionsa asiakkaan tarpeisiin on aina ollut arvokasta.\u201d<\/em><\/p>\n<cite>\u2013 B2Fingold Oy, maaliskuu 2025<\/cite><\/blockquote>\n\n    <\/div>\n    <div class=\"wp-block-wm-testimonials__carousel-arrows\">\n        <button class=\"wp-block-wm-testimonials__carousel-arrow -prev\"><i class=\"fal fa-arrow-left\"><\/i><\/button>\n        <button class=\"wp-block-wm-testimonials__carousel-arrow -next\"><i class=\"fal fa-arrow-right\"><\/i><\/button>\n    <\/div>\n<\/div>\n\n\n\t<\/div>\n<\/section> \n\n\n<section class=\"font-weight-500 wp-elements-1b18b8b3f7a5f54d08f4d8ba2ed1c2f1 wp-block-wm-section has-text-color has-crowberry-blue-color has-background has-satin-linen-background-color\">\n\t\t<div class=\"wp-block-wm-section__inner\">\n\t\t\n\n<div class=\"wp-block-columns -c4-8 row\">\n<div class=\"wp-block-column d-flex flex-column justify-content-between col\">\n<h2 class=\"wp-block-heading wm-rfs-h-50\">TEHD\u00c4\u00c4N L\u00d6YT\u00d6J\u00c4 YHDESS\u00c4<\/h2>\n\n\n\n<figure class=\"wp-block-image size-full d-none d-sm-block\"><img decoding=\"async\" width=\"252\" height=\"253\" src=\"https:\/\/geopool.fi\/wp-content\/uploads\/2025\/11\/geopool_discover_together_graph_2_fi.svg\" alt=\"\" class=\"wp-image-3590\"\/><\/figure>\n<\/div>\n\n\n\n<div class=\"wp-block-column col\">\n<p>GeoPoolissa <strong>yhteisty\u00f6 on kaiken toimintamme perusta<\/strong>. Yhdist\u00e4mme malminetsint\u00e4- ja kaivosyhti\u00f6t urakoitsijoihin, sidosryhmiin, maanomistajiin ja viranomaisiin. Syv\u00e4llinen tuntemuksemme paikallisesta toimintaymp\u00e4rist\u00f6st\u00e4 sek\u00e4 paikallisten kielten sujuva osaamisemme auttaa kaventamaan kuiluja ja edist\u00e4\u00e4 keskin\u00e4ist\u00e4 ymm\u00e4rryst\u00e4 kaikkien projektiin osallistuvien osapuolten v\u00e4lill\u00e4.\u00a0<\/p>\n\n\n\n<p>GeoPool tarjoaa asiakkailleen p\u00e4\u00e4syn <strong>laajaan toimialaverkostoon<\/strong>, joka kattaa koko malminetsinn\u00e4n arvoketjun viranomaisista, tutkimuslaitoksista ja yliopistoista kairausyrityksiin, geofysikaalisten palvelujen tarjoajiin ja laboratorioihin sek\u00e4 muihin palvelujen ja laitteiden toimittajiin Pohjoismaissa.<\/p>\n\n\n\n<p>Olemme my\u00f6s <strong>sitoutuneet vastuulliseen malminetsint\u00e4\u00e4n.<\/strong> Osana sitoutumistamme alan standardien parantamiseen GeoPool on ollut laatimassa keskeisi\u00e4 julkaisuja, <em><a href=\"https:\/\/admin.svemin.se\/app\/uploads\/2025\/05\/prospvgl_eng_v10-lgupplst-2.pdf\">Guidance on Exploration<\/a><\/em> (Svemin 2018, 2025) ja <em><a href=\"https:\/\/finnmin.app.box.com\/s\/d2ahd0jzximco6nwri82kmy0bq92p8f1\">Malminetsint\u00e4opas<\/a><\/em> (FinnMin 2021, 2023), jotka pyrkiv\u00e4t edist\u00e4m\u00e4\u00e4n malminetsinn\u00e4n parhaita k\u00e4yt\u00e4nt\u00f6j\u00e4.<\/p>\n\n\n\n<p class=\"wm-mb-1\"><strong>Olemme seuraavien organisaatioiden j\u00e4sen:<\/strong><\/p>\n\n\n\n<ul class=\"wp-block-list\">\n<li>Suomen toimialaj\u00e4rjest\u00f6 <strong>Kaivosteollisuus ry (FinnMin)<\/strong><\/li>\n\n\n\n<li>Ruotsin toimialaj\u00e4rjest\u00f6 <strong>Svemin AB<\/strong><\/li>\n<\/ul>\n\n\n\n<figure class=\"wp-block-image aligncenter size-full d-sm-none wm-mt-4 has-text-align-center\"><img decoding=\"async\" width=\"252\" height=\"253\" src=\"https:\/\/geopool.fi\/wp-content\/uploads\/2025\/11\/geopool_discover_together_graph_2_fi.svg\" alt=\"\" class=\"wp-image-3590\"\/><\/figure>\n<\/div>\n<\/div>\n\n\t<\/div>\n<\/section> \n\n\n<section class=\"has-border-bottom-footer-separation wp-elements-8dd6402ff5b64547af66c7bbc437afdb wp-block-wm-section has-text-color has-milk-color has-background has-crowberry-blue-background-color\">\n\t\t<div class=\"wp-block-wm-section__inner\">\n\t\t\n\n<h2 class=\"wp-block-heading has-text-align-center wm-rfs-h-50\">GEOPOOLIN ARVOT<\/h2>\n\n\n\n<p class=\"has-text-align-center\">Noudatamme arvojamme jokap\u00e4iv\u00e4isess\u00e4 ty\u00f6ss\u00e4mme, ja olemme ylpeit\u00e4 siit\u00e4, miten toimimme ja miten saavutamme tavoitteemme.<\/p>\n\n\n\r\n<div class=\"wm-values wm-mt-10 wp-block-wm-wrapper\">\r\n    \n\r\n<div class=\"wp-block-wm-wrapper\">\r\n    \n\n<h3 class=\"wp-block-heading\">Asiakkaan menestys<\/h3>\n\n\n\n<p>Projektiteht\u00e4vien vastuullinen toteuttaminen luo asiakkaillemme pitk\u00e4aikaista arvoa.<\/p>\n\n<\/div>\r\n\n\n\r\n<div class=\"wp-block-wm-wrapper\">\r\n    \n\n<h3 class=\"wp-block-heading\">Vastuullisuus<\/h3>\n\n\n\n<p>K\u00e4yt\u00e4mme alan parhaita k\u00e4yt\u00e4nt\u00f6j\u00e4 ja jaamme tietoa luodaksemme mielek\u00e4st\u00e4 vuoropuhelua kaikkien mukana olevien sidosryhmien kanssa.<\/p>\n\n<\/div>\r\n\n\n\r\n<div class=\"wp-block-wm-wrapper\">\r\n    \n\n<h3 class=\"wp-block-heading\">Yhteis\u00f6<\/h3>\n\n\n\n<p>GeoPoolin yhteenkuuluvuus on kaikkien tarjottujen palvelujen ja viestinn\u00e4n ydin ja ajuri. T\u00e4m\u00e4 yhteis\u00f6 luo arvoa ja merkityst\u00e4 ty\u00f6ntekij\u00f6illemme, ty\u00f6llemme, asiakkaillemme ja koko yhteiskunnalle.<\/p>\n\n<\/div>\r\n\n<\/div>\r\n\n\t<\/div>\n<\/section> \n","protected":false},"excerpt":{"rendered":"","protected":false},"author":2,"featured_media":0,"parent":0,"menu_order":0,"comment_status":"closed","ping_status":"closed","template":"","meta":{"inline_featured_image":false,"footnotes":""},"class_list":["post-1069","page","type-page","status-publish"],"yoast_head":"<!-- This site is optimized with the Yoast SEO plugin v24.3 - https:\/\/yoast.com\/wordpress\/plugins\/seo\/ -->\n<title>Yritys - GeoPool<\/title>\n<meta name=\"description\" content=\"GeoPool was founded in 2007 as a private business in response to the growing need for exploration services in Fennoscandia.\" \/>\n<meta name=\"robots\" content=\"index, follow, max-snippet:-1, max-image-preview:large, max-video-preview:-1\" \/>\n<link rel=\"canonical\" href=\"https:\/\/geopool.fi\/fi\/yritys\/\" \/>\n<meta property=\"og:locale\" content=\"fi_FI\" \/>\n<meta property=\"og:type\" content=\"article\" \/>\n<meta property=\"og:title\" content=\"Yritys - GeoPool\" \/>\n<meta property=\"og:description\" content=\"GeoPool was founded in 2007 as a private business in response to the growing need for exploration services in Fennoscandia.\" \/>\n<meta property=\"og:url\" content=\"https:\/\/geopool.fi\/fi\/yritys\/\" \/>\n<meta property=\"og:site_name\" content=\"GeoPool\" \/>\n<meta property=\"article:modified_time\" content=\"2025-12-15T08:52:38+00:00\" \/>\n<meta property=\"og:image\" content=\"https:\/\/geopool.fi\/wp-content\/uploads\/2025\/11\/company_web.png\" \/>\n\t<meta property=\"og:image:width\" content=\"1000\" \/>\n\t<meta property=\"og:image:height\" content=\"909\" \/>\n\t<meta property=\"og:image:type\" content=\"image\/png\" \/>\n<meta name=\"twitter:card\" content=\"summary_large_image\" \/>\n<script type=\"application\/ld+json\" class=\"yoast-schema-graph\">{\"@context\":\"https:\/\/schema.org\",\"@graph\":[{\"@type\":\"WebPage\",\"@id\":\"https:\/\/geopool.fi\/fi\/yritys\/\",\"url\":\"https:\/\/geopool.fi\/fi\/yritys\/\",\"name\":\"Yritys - GeoPool\",\"isPartOf\":{\"@id\":\"https:\/\/geopool.fi\/#website\"},\"primaryImageOfPage\":{\"@id\":\"https:\/\/geopool.fi\/fi\/yritys\/#primaryimage\"},\"image\":{\"@id\":\"https:\/\/geopool.fi\/fi\/yritys\/#primaryimage\"},\"thumbnailUrl\":\"https:\/\/geopool.fi\/wp-content\/uploads\/2025\/11\/company_web.png\",\"datePublished\":\"2025-12-15T08:52:36+00:00\",\"dateModified\":\"2025-12-15T08:52:38+00:00\",\"description\":\"GeoPool was founded in 2007 as a private business in response to the growing need for exploration services in Fennoscandia.\",\"breadcrumb\":{\"@id\":\"https:\/\/geopool.fi\/fi\/yritys\/#breadcrumb\"},\"inLanguage\":\"fi\",\"potentialAction\":[{\"@type\":\"ReadAction\",\"target\":[\"https:\/\/geopool.fi\/fi\/yritys\/\"]}]},{\"@type\":\"ImageObject\",\"inLanguage\":\"fi\",\"@id\":\"https:\/\/geopool.fi\/fi\/yritys\/#primaryimage\",\"url\":\"https:\/\/geopool.fi\/wp-content\/uploads\/2025\/11\/company_web.png\",\"contentUrl\":\"https:\/\/geopool.fi\/wp-content\/uploads\/2025\/11\/company_web.png\"},{\"@type\":\"BreadcrumbList\",\"@id\":\"https:\/\/geopool.fi\/fi\/yritys\/#breadcrumb\",\"itemListElement\":[{\"@type\":\"ListItem\",\"position\":1,\"name\":\"Home\",\"item\":\"https:\/\/geopool.fi\/fi\/\"},{\"@type\":\"ListItem\",\"position\":2,\"name\":\"Yritys\"}]},{\"@type\":\"WebSite\",\"@id\":\"https:\/\/geopool.fi\/#website\",\"url\":\"https:\/\/geopool.fi\/\",\"name\":\"GeoPool\",\"description\":\"Discovering together\",\"publisher\":{\"@id\":\"https:\/\/geopool.fi\/#organization\"},\"potentialAction\":[{\"@type\":\"SearchAction\",\"target\":{\"@type\":\"EntryPoint\",\"urlTemplate\":\"https:\/\/geopool.fi\/?s={search_term_string}\"},\"query-input\":{\"@type\":\"PropertyValueSpecification\",\"valueRequired\":true,\"valueName\":\"search_term_string\"}}],\"inLanguage\":\"fi\"},{\"@type\":\"Organization\",\"@id\":\"https:\/\/geopool.fi\/#organization\",\"name\":\"GeoPool\",\"url\":\"https:\/\/geopool.fi\/\",\"logo\":{\"@type\":\"ImageObject\",\"inLanguage\":\"fi\",\"@id\":\"https:\/\/geopool.fi\/#\/schema\/logo\/image\/\",\"url\":\"https:\/\/geopool.fi\/wp-content\/uploads\/2025\/08\/group-4.svg\",\"contentUrl\":\"https:\/\/geopool.fi\/wp-content\/uploads\/2025\/08\/group-4.svg\",\"width\":191,\"height\":57,\"caption\":\"GeoPool\"},\"image\":{\"@id\":\"https:\/\/geopool.fi\/#\/schema\/logo\/image\/\"}}]}<\/script>\n<!-- \/ Yoast SEO plugin. -->","yoast_head_json":{"title":"Yritys - GeoPool","description":"GeoPool was founded in 2007 as a private business in response to the growing need for exploration services in Fennoscandia.","robots":{"index":"index","follow":"follow","max-snippet":"max-snippet:-1","max-image-preview":"max-image-preview:large","max-video-preview":"max-video-preview:-1"},"canonical":"https:\/\/geopool.fi\/fi\/yritys\/","og_locale":"fi_FI","og_type":"article","og_title":"Yritys - GeoPool","og_description":"GeoPool was founded in 2007 as a private business in response to the growing need for exploration services in Fennoscandia.","og_url":"https:\/\/geopool.fi\/fi\/yritys\/","og_site_name":"GeoPool","article_modified_time":"2025-12-15T08:52:38+00:00","og_image":[{"width":1000,"height":909,"url":"https:\/\/geopool.fi\/wp-content\/uploads\/2025\/11\/company_web.png","type":"image\/png"}],"twitter_card":"summary_large_image","schema":{"@context":"https:\/\/schema.org","@graph":[{"@type":"WebPage","@id":"https:\/\/geopool.fi\/fi\/yritys\/","url":"https:\/\/geopool.fi\/fi\/yritys\/","name":"Yritys - GeoPool","isPartOf":{"@id":"https:\/\/geopool.fi\/#website"},"primaryImageOfPage":{"@id":"https:\/\/geopool.fi\/fi\/yritys\/#primaryimage"},"image":{"@id":"https:\/\/geopool.fi\/fi\/yritys\/#primaryimage"},"thumbnailUrl":"https:\/\/geopool.fi\/wp-content\/uploads\/2025\/11\/company_web.png","datePublished":"2025-12-15T08:52:36+00:00","dateModified":"2025-12-15T08:52:38+00:00","description":"GeoPool was founded in 2007 as a private business in response to the growing need for exploration services in Fennoscandia.","breadcrumb":{"@id":"https:\/\/geopool.fi\/fi\/yritys\/#breadcrumb"},"inLanguage":"fi","potentialAction":[{"@type":"ReadAction","target":["https:\/\/geopool.fi\/fi\/yritys\/"]}]},{"@type":"ImageObject","inLanguage":"fi","@id":"https:\/\/geopool.fi\/fi\/yritys\/#primaryimage","url":"https:\/\/geopool.fi\/wp-content\/uploads\/2025\/11\/company_web.png","contentUrl":"https:\/\/geopool.fi\/wp-content\/uploads\/2025\/11\/company_web.png"},{"@type":"BreadcrumbList","@id":"https:\/\/geopool.fi\/fi\/yritys\/#breadcrumb","itemListElement":[{"@type":"ListItem","position":1,"name":"Home","item":"https:\/\/geopool.fi\/fi\/"},{"@type":"ListItem","position":2,"name":"Yritys"}]},{"@type":"WebSite","@id":"https:\/\/geopool.fi\/#website","url":"https:\/\/geopool.fi\/","name":"GeoPool","description":"Discovering together","publisher":{"@id":"https:\/\/geopool.fi\/#organization"},"potentialAction":[{"@type":"SearchAction","target":{"@type":"EntryPoint","urlTemplate":"https:\/\/geopool.fi\/?s={search_term_string}"},"query-input":{"@type":"PropertyValueSpecification","valueRequired":true,"valueName":"search_term_string"}}],"inLanguage":"fi"},{"@type":"Organization","@id":"https:\/\/geopool.fi\/#organization","name":"GeoPool","url":"https:\/\/geopool.fi\/","logo":{"@type":"ImageObject","inLanguage":"fi","@id":"https:\/\/geopool.fi\/#\/schema\/logo\/image\/","url":"https:\/\/geopool.fi\/wp-content\/uploads\/2025\/08\/group-4.svg","contentUrl":"https:\/\/geopool.fi\/wp-content\/uploads\/2025\/08\/group-4.svg","width":191,"height":57,"caption":"GeoPool"},"image":{"@id":"https:\/\/geopool.fi\/#\/schema\/logo\/image\/"}}]}},"_links":{"self":[{"href":"https:\/\/geopool.fi\/fi\/wp-json\/wp\/v2\/pages\/1069","targetHints":{"allow":["GET"]}}],"collection":[{"href":"https:\/\/geopool.fi\/fi\/wp-json\/wp\/v2\/pages"}],"about":[{"href":"https:\/\/geopool.fi\/fi\/wp-json\/wp\/v2\/types\/page"}],"author":[{"embeddable":true,"href":"https:\/\/geopool.fi\/fi\/wp-json\/wp\/v2\/users\/2"}],"replies":[{"embeddable":true,"href":"https:\/\/geopool.fi\/fi\/wp-json\/wp\/v2\/comments?post=1069"}],"version-history":[{"count":0,"href":"https:\/\/geopool.fi\/fi\/wp-json\/wp\/v2\/pages\/1069\/revisions"}],"wp:attachment":[{"href":"https:\/\/geopool.fi\/fi\/wp-json\/wp\/v2\/media?parent=1069"}],"curies":[{"name":"wp","href":"https:\/\/api.w.org\/{rel}","templated":true}]}}