{"id":1083,"date":"2022-01-18T10:53:44","date_gmt":"2022-01-18T08:53:44","guid":{"rendered":"https:\/\/geopool.fi\/careers\/"},"modified":"2025-11-30T08:41:16","modified_gmt":"2025-11-30T06:41:16","slug":"urat","status":"publish","type":"page","link":"https:\/\/geopool.fi\/fi\/urat\/","title":{"rendered":"Urat"},"content":{"rendered":"\n<div class=\"has-pattern has-pattern-top-left -header wp-elements-547711fca0eeb90408ef3c4075f9da84 wp-block-wm-header has-text-color has-milk-color has-background has-crowberry-blue-background-color\">\n    <div id=\"top\" class=\"wp-block-wm-header__inner\">\n        \n\n<div class=\"wp-block-columns -c6-6 row\">\n<div class=\"wp-block-column col\">\n<h1 class=\"wp-block-heading\">URAT<\/h1>\n\n\n\n<p class=\"wm-rfs-h3 wm-mb-3\">L\u00c4HDE ETSIM\u00c4\u00c4N KANSSAMME!<\/p>\n\n\n\n<p><strong>Rekrytoimme jatkuvasti uusia GeoPoolilaisia asiantuntijaorganisaatioomme.<\/strong>&nbsp;GeoPool tarjoaa monenlaisia urapolkuja malminetsinn\u00e4ss\u00e4 ja geologisessa tutkimuksessa.<\/p>\n\n\n\n<p>GeoPoolissa voit kehitt\u00e4\u00e4 osaamistasi ty\u00f6skentelem\u00e4ll\u00e4 malminetsinn\u00e4n eri vaiheissa erilaisten Pohjoismaissa toimivien asiakkaiden parissa. Organisaatiossamme sinulla on mahdollisuus tarjota ratkaisuja, jotka hy\u00f6dytt\u00e4v\u00e4t asiakkaitamme, paikallisyhteis\u00f6j\u00e4 sek\u00e4 koko toimialaa. Mielest\u00e4mme sosiaalisen toimiluvan ansaitseminen ja s\u00e4ilytt\u00e4minen on avain menestyksekk\u00e4\u00e4seen malminetsint\u00e4\u00e4n.<\/p>\n<\/div>\n\n\n\n<div class=\"wp-block-column col\">\n<figure class=\"wp-block-image alignright size-full\"><img decoding=\"async\" width=\"680\" height=\"618\" src=\"https:\/\/geopool.fi\/wp-content\/uploads\/2025\/11\/careers_web.png\" alt=\"\" class=\"wp-image-3997\" srcset=\"https:\/\/geopool.fi\/wp-content\/uploads\/2025\/11\/careers_web.png 680w, https:\/\/geopool.fi\/wp-content\/uploads\/2025\/11\/careers_web-500x454.png 500w\" sizes=\"(max-width: 680px) 100vw, 680px\" \/><\/figure>\n<\/div>\n<\/div>\n\n    <\/div>\n<\/div>\n\n\n<section class=\"wp-elements-7469f2cca4fd258d168f82cd318e4fc6 wp-block-wm-section has-text-color has-crowberry-blue-color has-background has-satin-linen-background-color\">\n\t\t<div class=\"wp-block-wm-section__inner\">\n\t\t\n\n<h2 class=\"wp-block-heading has-text-align-center\">AVOIMET TY\u00d6PAIKAT<\/h2>\n\n\n        <div class=\"wm-jobs\">\n                            <div class=\"wm-jobs__job\">\n                    <div class=\"wm-jobs__jobText\">\n                        <h2 class=\"wm-rfs-h-25\">Geologiharjoittelija kentt\u00e4kaudelle<\/h6>\n                        <p>Osallistut malminetsinn\u00e4n kentt\u00e4tutkimuksiin projektipaikkakunnalla. Tutustut samalla monipuolisesti malminetsinn\u00e4n vaiheisiin ja asiakasty\u00f6h\u00f6n. Teht\u00e4v\u00e4 on m\u00e4\u00e4r\u00e4aikainen, mutta ty\u00f6t saattavat jatkua kentt\u00e4kauden j\u00e4lkeen. <\/p>\n                        <div class=\"wm-jobs__jobTags\">\n                            <span><i class=\"fal fa-map-marker-alt\"><\/i>Suomi<\/span> <span><i class=\"fal fa-clock\"><\/i>M\u00e4\u00e4r\u00e4aikainen<\/span>                         <\/div>\n                    <\/div>\n                    <div class=\"wm-jobs__jobLinks\">\n                        <div class=\"wp-block-buttons justify-content-end\">\n                            <div class=\"wp-block-button -beige\">\n                                <a class=\"wp-block-button__link\" href=\"https:\/\/geopool.fi\/fi\/ura\/geologiharjoittelija-kenttakaudelle\/\">Lue lis\u00e4\u00e4<\/a> \n                            <\/div> \n                        <\/div>\n                                            <\/div>\n                <\/div>\n                            <div class=\"wm-jobs__job\">\n                    <div class=\"wm-jobs__jobText\">\n                        <h2 class=\"wm-rfs-h-25\">Geotieteen erityisasiantuntija<\/h6>\n                        <p>Haluatko laajentaa nykyist\u00e4 palveluvalikoimaamme tai perustaa kokonaan uuden osaston GeoPooliin? Ohjaat tutkimusprojekteja sek\u00e4 henkil\u00f6st\u00f6\u00e4mme asiantuntijuusalueellasi. Kehit\u00e4t uusia menetelmi\u00e4 ja toimintatapoja.<\/p>\n                        <div class=\"wm-jobs__jobTags\">\n                            <span><i class=\"fal fa-map-marker-alt\"><\/i>Ruotsi<\/span> <span><i class=\"fal fa-map-marker-alt\"><\/i>Suomi<\/span> <span><i class=\"fal fa-map-marker-alt\"><\/i>Et\u00e4ty\u00f6t<\/span> <span><i class=\"fal fa-clock\"><\/i>Kokoaikainen<\/span>                         <\/div>\n                    <\/div>\n                    <div class=\"wm-jobs__jobLinks\">\n                        <div class=\"wp-block-buttons justify-content-end\">\n                            <div class=\"wp-block-button -beige\">\n                                <a class=\"wp-block-button__link\" href=\"https:\/\/geopool.fi\/fi\/ura\/geotieteen-erityisasiantuntija\/\">Lue lis\u00e4\u00e4<\/a> \n                            <\/div> \n                        <\/div>\n                                            <\/div>\n                <\/div>\n                            <div class=\"wm-jobs__job\">\n                    <div class=\"wm-jobs__jobText\">\n                        <h2 class=\"wm-rfs-h-25\">Vanhempi malminetsint\u00e4&shy;geologi<\/h6>\n                        <p>Johdat ja suunnittelet eri projektien malminetsint\u00e4toimia. Laadit turvallisuus-, ymp\u00e4rist\u00f6- ja laadunvalvontak\u00e4yt\u00e4nt\u00f6j\u00e4. Pid\u00e4t yhteytt\u00e4 toimeksiantajiin, urakoitsijoihin ja sidosryhmiin. Hallinnoit projektin henkil\u00f6st\u00f6\u00e4, budjettia ja sopimuksia.<\/p>\n                        <div class=\"wm-jobs__jobTags\">\n                            <span><i class=\"fal fa-map-marker-alt\"><\/i>Suomi<\/span> <span><i class=\"fal fa-map-marker-alt\"><\/i>Et\u00e4ty\u00f6t<\/span> <span><i class=\"fal fa-map-marker-alt\"><\/i>Ruotsi<\/span> <span><i class=\"fal fa-clock\"><\/i>Kokoaikainen<\/span>                         <\/div>\n                    <\/div>\n                    <div class=\"wm-jobs__jobLinks\">\n                        <div class=\"wp-block-buttons justify-content-end\">\n                            <div class=\"wp-block-button -beige\">\n                                <a class=\"wp-block-button__link\" href=\"https:\/\/geopool.fi\/fi\/ura\/vanhempi-malminetsintageologi\/\">Lue lis\u00e4\u00e4<\/a> \n                            <\/div> \n                        <\/div>\n                                            <\/div>\n                <\/div>\n                            <div class=\"wm-jobs__job\">\n                    <div class=\"wm-jobs__jobText\">\n                        <h2 class=\"wm-rfs-h-25\">Malminetsint\u00e4&shy;geologi<\/h6>\n                        <p>J\u00e4rjest\u00e4t tutkimusty\u00f6t projektipaikkakunnalla ja osallistut tarvittaessa n\u00e4ytteenottoon maastossa. Raportoit geologisia n\u00e4ytteit\u00e4 ja huolehdit niiden jatkok\u00e4sittelyst\u00e4. Toimeenpanet sovitut turvallisuus- ja laadunvalvontak\u00e4yt\u00e4nteet.<\/p>\n                        <div class=\"wm-jobs__jobTags\">\n                            <span><i class=\"fal fa-map-marker-alt\"><\/i>Ruotsi<\/span> <span><i class=\"fal fa-map-marker-alt\"><\/i>Suomi<\/span> <span><i class=\"fal fa-clock\"><\/i>Kokoaikainen<\/span>                         <\/div>\n                    <\/div>\n                    <div class=\"wm-jobs__jobLinks\">\n                        <div class=\"wp-block-buttons justify-content-end\">\n                            <div class=\"wp-block-button -beige\">\n                                <a class=\"wp-block-button__link\" href=\"https:\/\/geopool.fi\/fi\/ura\/malminetsintageologi\/\">Lue lis\u00e4\u00e4<\/a> \n                            <\/div> \n                        <\/div>\n                                            <\/div>\n                <\/div>\n                    <\/div>\n\n    \n\n\t<\/div>\n<\/section> \n","protected":false},"excerpt":{"rendered":"","protected":false},"author":2,"featured_media":0,"parent":0,"menu_order":0,"comment_status":"closed","ping_status":"closed","template":"","meta":{"inline_featured_image":false,"footnotes":""},"class_list":["post-1083","page","type-page","status-publish"],"yoast_head":"<!-- This site is optimized with the Yoast SEO plugin v24.3 - https:\/\/yoast.com\/wordpress\/plugins\/seo\/ -->\n<title>Urat - GeoPool<\/title>\n<meta name=\"description\" content=\"GeoPool offers a wide range of career path possibilities in the scope of exploration and geological research.\" \/>\n<meta name=\"robots\" content=\"index, follow, max-snippet:-1, max-image-preview:large, max-video-preview:-1\" \/>\n<link rel=\"canonical\" href=\"https:\/\/geopool.fi\/fi\/urat\/\" \/>\n<meta property=\"og:locale\" content=\"fi_FI\" \/>\n<meta property=\"og:type\" content=\"article\" \/>\n<meta property=\"og:title\" content=\"Urat - GeoPool\" \/>\n<meta property=\"og:description\" content=\"GeoPool offers a wide range of career path possibilities in the scope of exploration and geological research.\" \/>\n<meta property=\"og:url\" content=\"https:\/\/geopool.fi\/fi\/urat\/\" \/>\n<meta property=\"og:site_name\" content=\"GeoPool\" \/>\n<meta property=\"article:modified_time\" content=\"2025-11-30T06:41:16+00:00\" \/>\n<meta property=\"og:image\" content=\"https:\/\/geopool.fi\/wp-content\/uploads\/2025\/11\/careers_web.png\" \/>\n\t<meta property=\"og:image:width\" content=\"680\" \/>\n\t<meta property=\"og:image:height\" content=\"618\" \/>\n\t<meta property=\"og:image:type\" content=\"image\/png\" \/>\n<meta name=\"twitter:card\" content=\"summary_large_image\" \/>\n<script type=\"application\/ld+json\" class=\"yoast-schema-graph\">{\"@context\":\"https:\/\/schema.org\",\"@graph\":[{\"@type\":\"WebPage\",\"@id\":\"https:\/\/geopool.fi\/fi\/urat\/\",\"url\":\"https:\/\/geopool.fi\/fi\/urat\/\",\"name\":\"Urat - GeoPool\",\"isPartOf\":{\"@id\":\"https:\/\/geopool.fi\/#website\"},\"primaryImageOfPage\":{\"@id\":\"https:\/\/geopool.fi\/fi\/urat\/#primaryimage\"},\"image\":{\"@id\":\"https:\/\/geopool.fi\/fi\/urat\/#primaryimage\"},\"thumbnailUrl\":\"https:\/\/geopool.fi\/wp-content\/uploads\/2025\/11\/careers_web.png\",\"datePublished\":\"2022-01-18T08:53:44+00:00\",\"dateModified\":\"2025-11-30T06:41:16+00:00\",\"description\":\"GeoPool offers a wide range of career path possibilities in the scope of exploration and geological research.\",\"breadcrumb\":{\"@id\":\"https:\/\/geopool.fi\/fi\/urat\/#breadcrumb\"},\"inLanguage\":\"fi\",\"potentialAction\":[{\"@type\":\"ReadAction\",\"target\":[\"https:\/\/geopool.fi\/fi\/urat\/\"]}]},{\"@type\":\"ImageObject\",\"inLanguage\":\"fi\",\"@id\":\"https:\/\/geopool.fi\/fi\/urat\/#primaryimage\",\"url\":\"https:\/\/geopool.fi\/wp-content\/uploads\/2025\/11\/careers_web.png\",\"contentUrl\":\"https:\/\/geopool.fi\/wp-content\/uploads\/2025\/11\/careers_web.png\"},{\"@type\":\"BreadcrumbList\",\"@id\":\"https:\/\/geopool.fi\/fi\/urat\/#breadcrumb\",\"itemListElement\":[{\"@type\":\"ListItem\",\"position\":1,\"name\":\"Home\",\"item\":\"https:\/\/geopool.fi\/fi\/\"},{\"@type\":\"ListItem\",\"position\":2,\"name\":\"Urat\"}]},{\"@type\":\"WebSite\",\"@id\":\"https:\/\/geopool.fi\/#website\",\"url\":\"https:\/\/geopool.fi\/\",\"name\":\"GeoPool\",\"description\":\"Discovering together\",\"publisher\":{\"@id\":\"https:\/\/geopool.fi\/#organization\"},\"potentialAction\":[{\"@type\":\"SearchAction\",\"target\":{\"@type\":\"EntryPoint\",\"urlTemplate\":\"https:\/\/geopool.fi\/?s={search_term_string}\"},\"query-input\":{\"@type\":\"PropertyValueSpecification\",\"valueRequired\":true,\"valueName\":\"search_term_string\"}}],\"inLanguage\":\"fi\"},{\"@type\":\"Organization\",\"@id\":\"https:\/\/geopool.fi\/#organization\",\"name\":\"GeoPool\",\"url\":\"https:\/\/geopool.fi\/\",\"logo\":{\"@type\":\"ImageObject\",\"inLanguage\":\"fi\",\"@id\":\"https:\/\/geopool.fi\/#\/schema\/logo\/image\/\",\"url\":\"https:\/\/geopool.fi\/wp-content\/uploads\/2025\/08\/group-4.svg\",\"contentUrl\":\"https:\/\/geopool.fi\/wp-content\/uploads\/2025\/08\/group-4.svg\",\"width\":191,\"height\":57,\"caption\":\"GeoPool\"},\"image\":{\"@id\":\"https:\/\/geopool.fi\/#\/schema\/logo\/image\/\"}}]}<\/script>\n<!-- \/ Yoast SEO plugin. -->","yoast_head_json":{"title":"Urat - GeoPool","description":"GeoPool offers a wide range of career path possibilities in the scope of exploration and geological research.","robots":{"index":"index","follow":"follow","max-snippet":"max-snippet:-1","max-image-preview":"max-image-preview:large","max-video-preview":"max-video-preview:-1"},"canonical":"https:\/\/geopool.fi\/fi\/urat\/","og_locale":"fi_FI","og_type":"article","og_title":"Urat - GeoPool","og_description":"GeoPool offers a wide range of career path possibilities in the scope of exploration and geological research.","og_url":"https:\/\/geopool.fi\/fi\/urat\/","og_site_name":"GeoPool","article_modified_time":"2025-11-30T06:41:16+00:00","og_image":[{"width":680,"height":618,"url":"https:\/\/geopool.fi\/wp-content\/uploads\/2025\/11\/careers_web.png","type":"image\/png"}],"twitter_card":"summary_large_image","schema":{"@context":"https:\/\/schema.org","@graph":[{"@type":"WebPage","@id":"https:\/\/geopool.fi\/fi\/urat\/","url":"https:\/\/geopool.fi\/fi\/urat\/","name":"Urat - GeoPool","isPartOf":{"@id":"https:\/\/geopool.fi\/#website"},"primaryImageOfPage":{"@id":"https:\/\/geopool.fi\/fi\/urat\/#primaryimage"},"image":{"@id":"https:\/\/geopool.fi\/fi\/urat\/#primaryimage"},"thumbnailUrl":"https:\/\/geopool.fi\/wp-content\/uploads\/2025\/11\/careers_web.png","datePublished":"2022-01-18T08:53:44+00:00","dateModified":"2025-11-30T06:41:16+00:00","description":"GeoPool offers a wide range of career path possibilities in the scope of exploration and geological research.","breadcrumb":{"@id":"https:\/\/geopool.fi\/fi\/urat\/#breadcrumb"},"inLanguage":"fi","potentialAction":[{"@type":"ReadAction","target":["https:\/\/geopool.fi\/fi\/urat\/"]}]},{"@type":"ImageObject","inLanguage":"fi","@id":"https:\/\/geopool.fi\/fi\/urat\/#primaryimage","url":"https:\/\/geopool.fi\/wp-content\/uploads\/2025\/11\/careers_web.png","contentUrl":"https:\/\/geopool.fi\/wp-content\/uploads\/2025\/11\/careers_web.png"},{"@type":"BreadcrumbList","@id":"https:\/\/geopool.fi\/fi\/urat\/#breadcrumb","itemListElement":[{"@type":"ListItem","position":1,"name":"Home","item":"https:\/\/geopool.fi\/fi\/"},{"@type":"ListItem","position":2,"name":"Urat"}]},{"@type":"WebSite","@id":"https:\/\/geopool.fi\/#website","url":"https:\/\/geopool.fi\/","name":"GeoPool","description":"Discovering together","publisher":{"@id":"https:\/\/geopool.fi\/#organization"},"potentialAction":[{"@type":"SearchAction","target":{"@type":"EntryPoint","urlTemplate":"https:\/\/geopool.fi\/?s={search_term_string}"},"query-input":{"@type":"PropertyValueSpecification","valueRequired":true,"valueName":"search_term_string"}}],"inLanguage":"fi"},{"@type":"Organization","@id":"https:\/\/geopool.fi\/#organization","name":"GeoPool","url":"https:\/\/geopool.fi\/","logo":{"@type":"ImageObject","inLanguage":"fi","@id":"https:\/\/geopool.fi\/#\/schema\/logo\/image\/","url":"https:\/\/geopool.fi\/wp-content\/uploads\/2025\/08\/group-4.svg","contentUrl":"https:\/\/geopool.fi\/wp-content\/uploads\/2025\/08\/group-4.svg","width":191,"height":57,"caption":"GeoPool"},"image":{"@id":"https:\/\/geopool.fi\/#\/schema\/logo\/image\/"}}]}},"_links":{"self":[{"href":"https:\/\/geopool.fi\/fi\/wp-json\/wp\/v2\/pages\/1083","targetHints":{"allow":["GET"]}}],"collection":[{"href":"https:\/\/geopool.fi\/fi\/wp-json\/wp\/v2\/pages"}],"about":[{"href":"https:\/\/geopool.fi\/fi\/wp-json\/wp\/v2\/types\/page"}],"author":[{"embeddable":true,"href":"https:\/\/geopool.fi\/fi\/wp-json\/wp\/v2\/users\/2"}],"replies":[{"embeddable":true,"href":"https:\/\/geopool.fi\/fi\/wp-json\/wp\/v2\/comments?post=1083"}],"version-history":[{"count":0,"href":"https:\/\/geopool.fi\/fi\/wp-json\/wp\/v2\/pages\/1083\/revisions"}],"wp:attachment":[{"href":"https:\/\/geopool.fi\/fi\/wp-json\/wp\/v2\/media?parent=1083"}],"curies":[{"name":"wp","href":"https:\/\/api.w.org\/{rel}","templated":true}]}}