{"id":2267,"date":"2024-08-09T13:38:17","date_gmt":"2024-08-09T10:38:17","guid":{"rendered":"https:\/\/geopool.fi\/maanomistajalle\/"},"modified":"2025-12-02T14:18:30","modified_gmt":"2025-12-02T12:18:30","slug":"for-markagare","status":"publish","type":"page","link":"https:\/\/geopool.fi\/sv\/for-markagare\/","title":{"rendered":"F\u00f6r mark\u00e4gare"},"content":{"rendered":"\n<div class=\"wp-block-cover is-light py-0 wm-header -full\"><span aria-hidden=\"true\" class=\"wp-block-cover__background has-background-dim\"><\/span><img decoding=\"async\" width=\"1920\" height=\"980\" class=\"wp-block-cover__image-background wp-image-1814\" alt=\"\" src=\"https:\/\/geopool.fi\/wp-content\/uploads\/2024\/08\/mask-group-26.jpg\" data-object-fit=\"cover\" srcset=\"https:\/\/geopool.fi\/wp-content\/uploads\/2024\/08\/mask-group-26.jpg 1920w, https:\/\/geopool.fi\/wp-content\/uploads\/2024\/08\/mask-group-26-500x255.jpg 500w, https:\/\/geopool.fi\/wp-content\/uploads\/2024\/08\/mask-group-26-1024x523.jpg 1024w, https:\/\/geopool.fi\/wp-content\/uploads\/2024\/08\/mask-group-26-768x392.jpg 768w, https:\/\/geopool.fi\/wp-content\/uploads\/2024\/08\/mask-group-26-1536x784.jpg 1536w\" sizes=\"(max-width: 1920px) 100vw, 1920px\" \/><div class=\"wp-block-cover__inner-container\"><section class=\"py-0 wp-block-wm-section\">\n\t\t<div class=\"wp-block-wm-section__inner\">\n\t\t\n\n<div class=\"wp-block-columns wm-header -full justify-content-center row\">\n<div class=\"wp-block-column col col-md-6 col-12\">\n<h1 class=\"wp-block-heading wm-rfs-h-80\">F\u00d6R MARK\u00c4GARE<\/h1>\n\n\n\n<p class=\"has-base-3-color has-text-color\"><strong>Detta avsnitt v\u00e4nder sig till dig som har f\u00e5tt ett brev eller e-post fr\u00e5n GeoPool.<\/strong><\/p>\n\n\n\n<p class=\"has-base-3-color has-text-color\">P\u00e5 dessa sidor hittar du sammanst\u00e4lld information om malmletning och tillh\u00f6rande tillst\u00e5ndsskeden, sak\u00e4garens r\u00e4ttigheter och prospekt\u00f6rens skyldigheter samt g\u00e4llande lagstiftning. Dessutom tillhandah\u00e5ller vi anv\u00e4ndbara l\u00e4nkar till olika guider och hemsidor. Fastighets\u00e4garna och \u00e4garna av s\u00e4rskild r\u00e4tt ben\u00e4mns med samlingsbegreppet mark\u00e4gare.<\/p>\n<\/div>\n\n\n\n<div class=\"wp-block-column col col-md-6 col-12\"><\/div>\n<\/div>\n\n\n\n    <div class=\"wm-scrollArrow\">\n      <a class=\"anchor-link\" href=\"#informationspaket-for-markagare\">\n        <span class=\"wm-mouseIcon\">\n          <span class=\"wm-mouseIcon__dot\"><\/span>\n          <i class=\"fal fa-arrow-down\"><\/i>\n        <\/span> \n      <\/a>\n    <\/div>\n\n    \n\n\t<\/div>\n<\/section> \n<\/div><\/div>\n\n\n<section class=\"has-pattern has-pattern-top-left -left-v1 has-pattern-bottom-right -right-v1 wp-elements-41df341470b3668a0a21c74826b4179f wp-block-wm-section has-text-color has-milk-color has-background has-crowberry-blue-background-color\">\n\t\t<div class=\"wp-block-wm-section__inner\">\n\t\t\n\n<div id=\"informationspaket-for-markagare\" class=\"wp-block-group wm-blockColor -bcCrowberry-blue\">\n<div class=\"wp-block-columns row\">\n<div class=\"wp-block-column col col-md-8 col-12\">\n<h2 class=\"wp-block-heading\">Informationspaket f\u00f6r mark\u00e4gare<\/h2>\n\n\n\n<p><\/p>\n<\/div>\n\n\n\n<div class=\"wp-block-column col col-md-4 col-12\"><\/div>\n<\/div>\n\n\n\n<div class=\"wp-block-columns row\">\n<div class=\"wp-block-column col\">    <div class=\"wm-landownerCards\">\n      <div class=\"row justify-content-center\"> \n                  <div class=\"col-12 col-sm-6 col-lg-3\">\n              <div class=\"wm-fullBgImage-card\">\n                <div class=\"wm-fullBgImage-card__background\">\n                    <img decoding=\"async\" width=\"327\" height=\"593\" src=\"https:\/\/geopool.fi\/wp-content\/uploads\/2024\/08\/group-14109.jpg\" class=\"attachment-full size-full wp-post-image\" alt=\"\" srcset=\"https:\/\/geopool.fi\/wp-content\/uploads\/2024\/08\/group-14109.jpg 327w, https:\/\/geopool.fi\/wp-content\/uploads\/2024\/08\/group-14109-276x500.jpg 276w\" sizes=\"(max-width: 327px) 100vw, 327px\" \/>                    <h4>Malmletning och f\u00e4ltarbete<\/h4>\n                <\/div>\n                <div class=\"wp-block-buttons\">\n                    <div class=\"wp-block-button -beige\">\n                      <a class=\"wp-block-button__link\" href=\"https:\/\/geopool.fi\/sv\/for-markagare\/allman-information-om-malmletning-och-faltarbete\/\">L\u00e4s mer<\/a> \n                    <\/div> \n                  <\/div>\n              <\/div>\n          <\/div>\n                    <div class=\"col-12 col-sm-6 col-lg-3\">\n              <div class=\"wm-fullBgImage-card\">\n                <div class=\"wm-fullBgImage-card__background\">\n                    <img decoding=\"async\" width=\"327\" height=\"593\" src=\"https:\/\/geopool.fi\/wp-content\/uploads\/2024\/08\/group-14110.jpg\" class=\"attachment-full size-full wp-post-image\" alt=\"\" srcset=\"https:\/\/geopool.fi\/wp-content\/uploads\/2024\/08\/group-14110.jpg 327w, https:\/\/geopool.fi\/wp-content\/uploads\/2024\/08\/group-14110-276x500.jpg 276w\" sizes=\"(max-width: 327px) 100vw, 327px\" \/>                    <h4>Malmletning och gruvlagen<\/h4>\n                <\/div>\n                <div class=\"wp-block-buttons\">\n                    <div class=\"wp-block-button -beige\">\n                      <a class=\"wp-block-button__link\" href=\"https:\/\/geopool.fi\/sv\/for-markagare\/malmletning-och-gruvlagen\/\">L\u00e4s mer<\/a> \n                    <\/div> \n                  <\/div>\n              <\/div>\n          <\/div>\n                    <div class=\"col-12 col-sm-6 col-lg-3\">\n              <div class=\"wm-fullBgImage-card\">\n                <div class=\"wm-fullBgImage-card__background\">\n                    <img decoding=\"async\" width=\"327\" height=\"593\" src=\"https:\/\/geopool.fi\/wp-content\/uploads\/2024\/08\/group-14111.jpg\" class=\"attachment-full size-full wp-post-image\" alt=\"\" srcset=\"https:\/\/geopool.fi\/wp-content\/uploads\/2024\/08\/group-14111.jpg 327w, https:\/\/geopool.fi\/wp-content\/uploads\/2024\/08\/group-14111-276x500.jpg 276w\" sizes=\"(max-width: 327px) 100vw, 327px\" \/>                    <h4>Vanliga fr\u00e5gor<\/h4>\n                <\/div>\n                <div class=\"wp-block-buttons\">\n                    <div class=\"wp-block-button -beige\">\n                      <a class=\"wp-block-button__link\" href=\"https:\/\/geopool.fi\/sv\/for-markagare\/vanliga-fragor\/\">L\u00e4s mer<\/a> \n                    <\/div> \n                  <\/div>\n              <\/div>\n          <\/div>\n                    <div class=\"col-12 col-sm-6 col-lg-3\">\n              <div class=\"wm-fullBgImage-card\">\n                <div class=\"wm-fullBgImage-card__background\">\n                    <img decoding=\"async\" width=\"327\" height=\"593\" src=\"https:\/\/geopool.fi\/wp-content\/uploads\/2024\/08\/group-14112.jpg\" class=\"attachment-full size-full wp-post-image\" alt=\"\" srcset=\"https:\/\/geopool.fi\/wp-content\/uploads\/2024\/08\/group-14112.jpg 327w, https:\/\/geopool.fi\/wp-content\/uploads\/2024\/08\/group-14112-276x500.jpg 276w\" sizes=\"(max-width: 327px) 100vw, 327px\" \/>                    <h4>Behandling av personuppgifter<\/h4>\n                <\/div>\n                <div class=\"wp-block-buttons\">\n                    <div class=\"wp-block-button -beige\">\n                      <a class=\"wp-block-button__link\" href=\"https:\/\/geopool.fi\/sv\/for-markagare\/behandling-av-personuppgifter\/\">L\u00e4s mer<\/a> \n                    <\/div> \n                  <\/div>\n              <\/div>\n          <\/div>\n                <\/div>\n    <\/div>    \n    \n<\/div>\n<\/div>\n<\/div>\n\n\t<\/div>\n<\/section> \n\n\n<section class=\"has-pattern has-pattern-bottom-left -left-v1 wp-elements-6a78de18acc7d9db28cfcd0c2813d306 wp-block-wm-section has-text-color has-crowberry-blue-color has-background has-satin-linen-background-color\">\n\t\t<div class=\"wp-block-wm-section__inner\">\n\t\t\n\n<div class=\"wp-block-group\">\n<div class=\"wp-block-columns gx-4 gx-lg-8 gx-xl-12 row\">\n<div class=\"wp-block-column col col-xl-4 col-md-5 col-12\">\n<h2 class=\"wp-block-heading has-preserve-margin\">Vad \u00e4r <br>GeoPools roll?<\/h2>\n<\/div>\n\n\n\n<div class=\"wp-block-column col col-xl-8 col-md-7 col-12\">\r\n<div class=\"\"> \r\n    \n\n<p>Vi fungerar som en l\u00e4nk mellan v\u00e5ra kunder, vilka fr\u00e4mst \u00e4r malmletningsf\u00f6retag (\u00e4ven kallade prospekt\u00f6rer) och ber\u00f6rda sak\u00e4gare, f\u00f6r att garantera smidigast m\u00f6jliga servicepaket. P\u00e5 s\u00e5 s\u00e4tt kan vi se till att v\u00e5ra kunder uppfyller alla krav i gruvlagen samt att sak\u00e4garens r\u00e4ttigheter tillgodoses. Vi v\u00e4gleder v\u00e5ra kunder mot en ansvarsfull malmletning genom att anv\u00e4nda de b\u00e4sta m\u00f6jliga metoder som finns tillg\u00e4ngliga f\u00f6r malmletningsverksamhet. Malmletningsbranschen gynnas av ett n\u00e4ra samarbete mellan mark\u00e4gare och prospekt\u00f6rer, vilket inneb\u00e4r att en \u00f6ppen och tydlig kommunikation \u00e4r n\u00f6dv\u00e4ndig.<\/p>\n\n \r\n<\/div><\/div>\n<\/div>\n<\/div>\n\n\t<\/div>\n<\/section> \n\n\n<section class=\"wm-pt-12 pb-0 wp-elements-244091a8e49a5b252098ac7c5ce65869 wp-block-wm-section has-text-color has-crowberry-blue-color has-background has-opal-background-color\">\n\t\t<div class=\"wp-block-wm-section__inner\">\n\t\t\n\n<div class=\"wp-block-group\">\n<div class=\"wp-block-columns align-items-end gx-4 row\">\n<div class=\"wp-block-column col col-md-6 col-12\">\n<h2 class=\"wp-block-heading\">Kontakt via brev, e-post eller telefon<\/h2>\n\n\n\r\n<div class=\"wm-pb-12\"> \r\n    \n\n<p>Samspelet mellan mark\u00e4gare och prospekt\u00f6rer \u00e4r centralt f\u00f6r all malmletningsverksamhet. Vi  kontaktar dig om din fastighet eller nyttjander\u00e4tt ber\u00f6rs av n\u00e5gon av v\u00e5ra kunders planerade malmletning.<\/p>\n\n\n\n<p>N\u00e4r vi kontaktar dig handlar det vanligtvis om arbetsplaner, f\u00f6rslag till ers\u00e4ttning eller tillh\u00f6rande information eller avtal.<\/p>\n\n\n\n<p>Kontakten sker antingen per brev i GeoPool Oy:s namn, via e-post fr\u00e5n lupaasiat@geopool.fi eller per telefon. GeoPools hotline svarar p\u00e5 mark\u00e4garnas fr\u00e5gor <strong>vardagar kl. 9\u201315, tel. 040 129 34 15.<\/strong><\/p>\n\n \r\n<\/div><\/div>\n\n\n\n<div class=\"wp-block-column col col-md-6 col-12\">\n<figure class=\"wp-block-image size-full mb-0\"><img decoding=\"async\" width=\"722\" height=\"630\" src=\"https:\/\/geopool.fi\/wp-content\/uploads\/2024\/10\/startsida_kontaktbild.png\" alt=\"\" class=\"wp-image-2286\" srcset=\"https:\/\/geopool.fi\/wp-content\/uploads\/2024\/10\/startsida_kontaktbild.png 722w, https:\/\/geopool.fi\/wp-content\/uploads\/2024\/10\/startsida_kontaktbild-500x436.png 500w\" sizes=\"(max-width: 722px) 100vw, 722px\" \/><\/figure>\n<\/div>\n<\/div>\n<\/div>\n\n\t<\/div>\n<\/section> \n","protected":false},"excerpt":{"rendered":"","protected":false},"author":2,"featured_media":0,"parent":0,"menu_order":0,"comment_status":"closed","ping_status":"closed","template":"","meta":{"inline_featured_image":false,"footnotes":""},"class_list":["post-2267","page","type-page","status-publish"],"yoast_head":"<!-- This site is optimized with the Yoast SEO plugin v24.3 - https:\/\/yoast.com\/wordpress\/plugins\/seo\/ -->\n<title>F\u00f6r mark\u00e4gare - GeoPool<\/title>\n<meta name=\"robots\" content=\"index, follow, max-snippet:-1, max-image-preview:large, max-video-preview:-1\" \/>\n<link rel=\"canonical\" href=\"https:\/\/geopool.fi\/sv\/for-markagare\/\" \/>\n<meta property=\"og:locale\" content=\"sv_SE\" \/>\n<meta property=\"og:type\" content=\"article\" \/>\n<meta property=\"og:title\" content=\"F\u00f6r mark\u00e4gare - GeoPool\" \/>\n<meta property=\"og:url\" content=\"https:\/\/geopool.fi\/sv\/for-markagare\/\" \/>\n<meta property=\"og:site_name\" content=\"GeoPool\" \/>\n<meta property=\"article:modified_time\" content=\"2025-12-02T12:18:30+00:00\" \/>\n<meta property=\"og:image\" content=\"https:\/\/geopool.fi\/wp-content\/uploads\/2024\/08\/mask-group-26.jpg\" \/>\n\t<meta property=\"og:image:width\" content=\"1920\" \/>\n\t<meta property=\"og:image:height\" content=\"980\" \/>\n\t<meta property=\"og:image:type\" content=\"image\/jpeg\" \/>\n<meta name=\"twitter:card\" content=\"summary_large_image\" \/>\n<script type=\"application\/ld+json\" class=\"yoast-schema-graph\">{\"@context\":\"https:\/\/schema.org\",\"@graph\":[{\"@type\":\"WebPage\",\"@id\":\"https:\/\/geopool.fi\/sv\/for-markagare\/\",\"url\":\"https:\/\/geopool.fi\/sv\/for-markagare\/\",\"name\":\"F\u00f6r mark\u00e4gare - GeoPool\",\"isPartOf\":{\"@id\":\"https:\/\/geopool.fi\/#website\"},\"primaryImageOfPage\":{\"@id\":\"https:\/\/geopool.fi\/sv\/for-markagare\/#primaryimage\"},\"image\":{\"@id\":\"https:\/\/geopool.fi\/sv\/for-markagare\/#primaryimage\"},\"thumbnailUrl\":\"https:\/\/geopool.fi\/wp-content\/uploads\/2024\/08\/mask-group-26.jpg\",\"datePublished\":\"2024-08-09T10:38:17+00:00\",\"dateModified\":\"2025-12-02T12:18:30+00:00\",\"breadcrumb\":{\"@id\":\"https:\/\/geopool.fi\/sv\/for-markagare\/#breadcrumb\"},\"inLanguage\":\"sv-SE\",\"potentialAction\":[{\"@type\":\"ReadAction\",\"target\":[\"https:\/\/geopool.fi\/sv\/for-markagare\/\"]}]},{\"@type\":\"ImageObject\",\"inLanguage\":\"sv-SE\",\"@id\":\"https:\/\/geopool.fi\/sv\/for-markagare\/#primaryimage\",\"url\":\"https:\/\/geopool.fi\/wp-content\/uploads\/2024\/08\/mask-group-26.jpg\",\"contentUrl\":\"https:\/\/geopool.fi\/wp-content\/uploads\/2024\/08\/mask-group-26.jpg\"},{\"@type\":\"BreadcrumbList\",\"@id\":\"https:\/\/geopool.fi\/sv\/for-markagare\/#breadcrumb\",\"itemListElement\":[{\"@type\":\"ListItem\",\"position\":1,\"name\":\"Home\",\"item\":\"https:\/\/geopool.fi\/sv\/\"},{\"@type\":\"ListItem\",\"position\":2,\"name\":\"F\u00f6r mark\u00e4gare\"}]},{\"@type\":\"WebSite\",\"@id\":\"https:\/\/geopool.fi\/#website\",\"url\":\"https:\/\/geopool.fi\/\",\"name\":\"GeoPool\",\"description\":\"Discovering together\",\"publisher\":{\"@id\":\"https:\/\/geopool.fi\/#organization\"},\"potentialAction\":[{\"@type\":\"SearchAction\",\"target\":{\"@type\":\"EntryPoint\",\"urlTemplate\":\"https:\/\/geopool.fi\/?s={search_term_string}\"},\"query-input\":{\"@type\":\"PropertyValueSpecification\",\"valueRequired\":true,\"valueName\":\"search_term_string\"}}],\"inLanguage\":\"sv-SE\"},{\"@type\":\"Organization\",\"@id\":\"https:\/\/geopool.fi\/#organization\",\"name\":\"GeoPool\",\"url\":\"https:\/\/geopool.fi\/\",\"logo\":{\"@type\":\"ImageObject\",\"inLanguage\":\"sv-SE\",\"@id\":\"https:\/\/geopool.fi\/#\/schema\/logo\/image\/\",\"url\":\"https:\/\/geopool.fi\/wp-content\/uploads\/2025\/08\/group-4.svg\",\"contentUrl\":\"https:\/\/geopool.fi\/wp-content\/uploads\/2025\/08\/group-4.svg\",\"width\":191,\"height\":57,\"caption\":\"GeoPool\"},\"image\":{\"@id\":\"https:\/\/geopool.fi\/#\/schema\/logo\/image\/\"}}]}<\/script>\n<!-- \/ Yoast SEO plugin. -->","yoast_head_json":{"title":"F\u00f6r mark\u00e4gare - GeoPool","robots":{"index":"index","follow":"follow","max-snippet":"max-snippet:-1","max-image-preview":"max-image-preview:large","max-video-preview":"max-video-preview:-1"},"canonical":"https:\/\/geopool.fi\/sv\/for-markagare\/","og_locale":"sv_SE","og_type":"article","og_title":"F\u00f6r mark\u00e4gare - GeoPool","og_url":"https:\/\/geopool.fi\/sv\/for-markagare\/","og_site_name":"GeoPool","article_modified_time":"2025-12-02T12:18:30+00:00","og_image":[{"width":1920,"height":980,"url":"https:\/\/geopool.fi\/wp-content\/uploads\/2024\/08\/mask-group-26.jpg","type":"image\/jpeg"}],"twitter_card":"summary_large_image","schema":{"@context":"https:\/\/schema.org","@graph":[{"@type":"WebPage","@id":"https:\/\/geopool.fi\/sv\/for-markagare\/","url":"https:\/\/geopool.fi\/sv\/for-markagare\/","name":"F\u00f6r mark\u00e4gare - GeoPool","isPartOf":{"@id":"https:\/\/geopool.fi\/#website"},"primaryImageOfPage":{"@id":"https:\/\/geopool.fi\/sv\/for-markagare\/#primaryimage"},"image":{"@id":"https:\/\/geopool.fi\/sv\/for-markagare\/#primaryimage"},"thumbnailUrl":"https:\/\/geopool.fi\/wp-content\/uploads\/2024\/08\/mask-group-26.jpg","datePublished":"2024-08-09T10:38:17+00:00","dateModified":"2025-12-02T12:18:30+00:00","breadcrumb":{"@id":"https:\/\/geopool.fi\/sv\/for-markagare\/#breadcrumb"},"inLanguage":"sv-SE","potentialAction":[{"@type":"ReadAction","target":["https:\/\/geopool.fi\/sv\/for-markagare\/"]}]},{"@type":"ImageObject","inLanguage":"sv-SE","@id":"https:\/\/geopool.fi\/sv\/for-markagare\/#primaryimage","url":"https:\/\/geopool.fi\/wp-content\/uploads\/2024\/08\/mask-group-26.jpg","contentUrl":"https:\/\/geopool.fi\/wp-content\/uploads\/2024\/08\/mask-group-26.jpg"},{"@type":"BreadcrumbList","@id":"https:\/\/geopool.fi\/sv\/for-markagare\/#breadcrumb","itemListElement":[{"@type":"ListItem","position":1,"name":"Home","item":"https:\/\/geopool.fi\/sv\/"},{"@type":"ListItem","position":2,"name":"F\u00f6r mark\u00e4gare"}]},{"@type":"WebSite","@id":"https:\/\/geopool.fi\/#website","url":"https:\/\/geopool.fi\/","name":"GeoPool","description":"Discovering together","publisher":{"@id":"https:\/\/geopool.fi\/#organization"},"potentialAction":[{"@type":"SearchAction","target":{"@type":"EntryPoint","urlTemplate":"https:\/\/geopool.fi\/?s={search_term_string}"},"query-input":{"@type":"PropertyValueSpecification","valueRequired":true,"valueName":"search_term_string"}}],"inLanguage":"sv-SE"},{"@type":"Organization","@id":"https:\/\/geopool.fi\/#organization","name":"GeoPool","url":"https:\/\/geopool.fi\/","logo":{"@type":"ImageObject","inLanguage":"sv-SE","@id":"https:\/\/geopool.fi\/#\/schema\/logo\/image\/","url":"https:\/\/geopool.fi\/wp-content\/uploads\/2025\/08\/group-4.svg","contentUrl":"https:\/\/geopool.fi\/wp-content\/uploads\/2025\/08\/group-4.svg","width":191,"height":57,"caption":"GeoPool"},"image":{"@id":"https:\/\/geopool.fi\/#\/schema\/logo\/image\/"}}]}},"_links":{"self":[{"href":"https:\/\/geopool.fi\/sv\/wp-json\/wp\/v2\/pages\/2267","targetHints":{"allow":["GET"]}}],"collection":[{"href":"https:\/\/geopool.fi\/sv\/wp-json\/wp\/v2\/pages"}],"about":[{"href":"https:\/\/geopool.fi\/sv\/wp-json\/wp\/v2\/types\/page"}],"author":[{"embeddable":true,"href":"https:\/\/geopool.fi\/sv\/wp-json\/wp\/v2\/users\/2"}],"replies":[{"embeddable":true,"href":"https:\/\/geopool.fi\/sv\/wp-json\/wp\/v2\/comments?post=2267"}],"version-history":[{"count":0,"href":"https:\/\/geopool.fi\/sv\/wp-json\/wp\/v2\/pages\/2267\/revisions"}],"wp:attachment":[{"href":"https:\/\/geopool.fi\/sv\/wp-json\/wp\/v2\/media?parent=2267"}],"curies":[{"name":"wp","href":"https:\/\/api.w.org\/{rel}","templated":true}]}}