{"id":942,"date":"2025-12-15T10:51:50","date_gmt":"2025-12-15T08:51:50","guid":{"rendered":"https:\/\/geopool.fi\/company\/"},"modified":"2025-12-15T10:51:53","modified_gmt":"2025-12-15T08:51:53","slug":"foretaget","status":"publish","type":"page","link":"https:\/\/geopool.fi\/sv\/foretaget\/","title":{"rendered":"F\u00f6retaget"},"content":{"rendered":"\n<div class=\"has-pattern has-pattern-top-left -header font-weight-500 wp-elements-f5c98a5ccaea28ca4cfbde0f394d082a wp-block-wm-header has-text-color has-milk-color has-background has-crowberry-blue-background-color\">\n    <div id=\"top\" class=\"wp-block-wm-header__inner\">\n        \n\n<div class=\"wp-block-columns -c6-6 gx-redesigned-10 row\">\n<div class=\"wp-block-column col\">\n<h1 class=\"wp-block-heading\">F\u00d6RETAGET<\/h1>\n\n\n\n<p class=\"wm-rfs-p-20\"><strong>GeoPool grundades 2007<\/strong> som ett svar p\u00e5 den v\u00e4xande efterfr\u00e5gan p\u00e5 malmletningstj\u00e4nster i Fennoskandien. Sedan dess har vi utvecklats till en p\u00e5litlig partner i branschen och breddat v\u00e5r expertis och v\u00e5ra kompetenser. Idag best\u00e5r v\u00e5rt team av <strong>ungef\u00e4r 40 skickliga proffs <\/strong>som erbjuder ett omfattande urval av tj\u00e4nster \u2013 fr\u00e5n f\u00e4ltarbete och geologiska studier till tillst\u00e5ndshantering och teknisk r\u00e5dgivning.<\/p>\n<\/div>\n\n\n\n<div class=\"wp-block-column col\">\n<figure class=\"wp-block-image alignright size-full\"><img decoding=\"async\" width=\"1000\" height=\"909\" src=\"https:\/\/geopool.fi\/wp-content\/uploads\/2025\/11\/company_web.png\" alt=\"\" class=\"wp-image-4002\" srcset=\"https:\/\/geopool.fi\/wp-content\/uploads\/2025\/11\/company_web.png 1000w, https:\/\/geopool.fi\/wp-content\/uploads\/2025\/11\/company_web-500x455.png 500w, https:\/\/geopool.fi\/wp-content\/uploads\/2025\/11\/company_web-768x698.png 768w\" sizes=\"(max-width: 1000px) 100vw, 1000px\" \/><\/figure>\n<\/div>\n<\/div>\n\n\n\n<figure class=\"wp-block-image aligncenter size-full wm-companyGraphic -desktop\"><img decoding=\"async\" width=\"1395\" height=\"501\" src=\"https:\/\/geopool.fi\/wp-content\/uploads\/2025\/11\/geopool_graph_1_long_sv.svg\" alt=\"\" class=\"wp-image-3690\"\/><\/figure>\n\n\n\n<figure class=\"wp-block-image size-full wm-companyGraphic -mobile\"><img decoding=\"async\" width=\"370\" height=\"884\" src=\"https:\/\/geopool.fi\/wp-content\/uploads\/2025\/11\/geopool_element_info_company_sv-1.png\" alt=\"\" class=\"wp-image-3694\" srcset=\"https:\/\/geopool.fi\/wp-content\/uploads\/2025\/11\/geopool_element_info_company_sv-1.png 370w, https:\/\/geopool.fi\/wp-content\/uploads\/2025\/11\/geopool_element_info_company_sv-1-209x500.png 209w\" sizes=\"(max-width: 370px) 100vw, 370px\" \/><\/figure>\n\n\n\n<p>Med <strong><mark style=\"background-color:rgba(0, 0, 0, 0)\" class=\"has-inline-color has-akaora-color\">registrerade f\u00f6retag i Finland, Sverige, Norge, Kanada och Slovakien<\/mark><\/strong> har GeoPool en bra position f\u00f6r att leverera tj\u00e4nster \u00f6ver ett stort geografiskt omr\u00e5de. V\u00e5rt <strong><mark style=\"background-color:rgba(0, 0, 0, 0)\" class=\"has-inline-color has-akaora-color\">huvudkontor i Finland<\/mark><\/strong>, n\u00e4ra Helsingfors flygplats, \u00e4r l\u00e4ttillg\u00e4ngligt f\u00f6r internationella kunder. P\u00e5 samma s\u00e4tt fungerar v\u00e5rt <strong><mark style=\"background-color:rgba(0, 0, 0, 0)\" class=\"has-inline-color has-akaora-color\">kontor i centrala Stockholm<\/mark><\/strong> som en viktig m\u00f6tesplats f\u00f6r v\u00e5ra partners i Sverige. I finska Lappland, i Sodankyl\u00e4, erbjuder <strong><mark style=\"background-color:rgba(0, 0, 0, 0)\" class=\"has-inline-color has-akaora-color\">GeoPool Exploration Hub<\/mark><\/strong> avancerade provbehandlingsanl\u00e4ggningar och tekniskt st\u00f6d f\u00f6r v\u00e5ra nordiska kunder.<\/p>\n\n    <\/div>\n<\/div>\n\n\n<section class=\"wp-elements-aa1f32d4f8f9d67cd8f53cde061e74a9 wp-block-wm-section has-text-color has-crowberry-blue-color has-background has-opal-background-color\">\n\t\t<div class=\"wp-block-wm-section__inner\">\n\t\t\n\n<h2 class=\"wp-block-heading has-text-align-center wm-rfs-h-33 wm-mb-4\">Testimonial<\/h2>\n\n\n\n<div class=\"wp-block-wm-testimonials\">\n    <div class=\"wp-block-wm-testimonials__carousel\">\n        \n\n<blockquote class=\"wp-block-quote has-text-align-center -testimonial\">\n<p><em>\u201dUnder v\u00e5ra m\u00e5nga \u00e5r av malmletning i finska Lappland har GeoPool varit en nyckelfaktor f\u00f6r v\u00e5r framg\u00e5ngsrika verksamhet i regionen. De har bidragit med expertis inom g\u00e4llande gruvlagstiftning och system f\u00f6r ans\u00f6kan och f\u00f6rvaltning av mineralr\u00e4ttigheter, lokal kunskap som underl\u00e4ttar viktig kommunikation och hj\u00e4lper till att uppr\u00e4tth\u00e5lla relationer med mark\u00e4gare och intressenter, samt v\u00e4gledning och st\u00f6d inom en rad omr\u00e5den som \u00e4r avg\u00f6rande f\u00f6r alla malmletningsprogram. Deras tj\u00e4nsteutbud kan skr\u00e4ddarsys efter ditt projekts specifika krav, och deras uppm\u00e4rksamhet p\u00e5 kundernas behov har alltid varit v\u00e4rdefull.\u201d<\/em><\/p>\n<cite>\u2013 B2Fingold Oy, Mars 2025<\/cite><\/blockquote>\n\n    <\/div>\n    <div class=\"wp-block-wm-testimonials__carousel-arrows\">\n        <button class=\"wp-block-wm-testimonials__carousel-arrow -prev\"><i class=\"fal fa-arrow-left\"><\/i><\/button>\n        <button class=\"wp-block-wm-testimonials__carousel-arrow -next\"><i class=\"fal fa-arrow-right\"><\/i><\/button>\n    <\/div>\n<\/div>\n\n\n\t<\/div>\n<\/section> \n\n\n<section class=\"font-weight-500 wp-elements-6d135afe5713e35292e94a706303ca83 wp-block-wm-section has-text-color has-crowberry-blue-color has-background has-satin-linen-background-color\">\n\t\t<div class=\"wp-block-wm-section__inner\">\n\t\t\n\n<div class=\"wp-block-columns -c4-8 row\">\n<div class=\"wp-block-column d-flex flex-column justify-content-between col\">\n<h2 class=\"wp-block-heading wm-rfs-h-40\">L\u00c5T OSS UPPT\u00c4CKA TILLSAMMANS<\/h2>\n\n\n\n<figure class=\"wp-block-image size-full d-none d-sm-block\"><img decoding=\"async\" width=\"252\" height=\"250\" src=\"https:\/\/geopool.fi\/wp-content\/uploads\/2025\/11\/geopool_discover_together_graph_2_sv.svg\" alt=\"\" class=\"wp-image-3701\"\/><\/figure>\n<\/div>\n\n\n\n<div class=\"wp-block-column col\">\n<p>Hos GeoPool \u00e4r <strong>samarbete grundstenen i allt vi g\u00f6r<\/strong>. Vi sammanf\u00f6r malmletnings- och gruvf\u00f6retag med entrepren\u00f6rer, intressenter, mark\u00e4gare och myndigheter. Med djupg\u00e5ende kunskap om den lokala verksamhetsmilj\u00f6n och flytande kunskaper i lokala spr\u00e5k hj\u00e4lper vi till att \u00f6verbrygga klyftor och fr\u00e4mja \u00f6msesidig f\u00f6rst\u00e5else mellan alla parter i ett projekt.<\/p>\n\n\n\n<p>GeoPool ger kunderna tillg\u00e5ng till ett <strong>omfattande branschn\u00e4tverk<\/strong> som t\u00e4cker hela v\u00e4rdekedjan f\u00f6r malmletning \u2013 fr\u00e5n myndigheter, forskningsinstitut och universitet till borrf\u00f6retag, leverant\u00f6rer av geofysiska tj\u00e4nster, laboratorier och andra tj\u00e4nste- och utrustningsleverant\u00f6rer i hela Norden.<\/p>\n\n\n\n<p>Vi \u00e4r \u00e4ven engagerade i <strong>ansvarsfull malmletning.<\/strong> Som en del av v\u00e5rt engagemang f\u00f6r att f\u00f6rb\u00e4ttra branschstandarderna har GeoPool bidragit till viktiga publikationer som <em><a href=\"https:\/\/admin.svemin.se\/app\/uploads\/2025\/11\/Prospektering-2025_web_NY1.pdf\">V\u00e4gledning f\u00f6r prospektering<\/a><\/em> (Svemin 2018, 2025) och <em><a href=\"https:\/\/finnmin.app.box.com\/s\/k665xq0pryzsq77okhh7n8xqesb746kl\">Guidebook for Exploration<\/a><\/em> (FinnMin 2021, 2023), som fr\u00e4mjar b\u00e4sta praxis f\u00f6r malmletning.<\/p>\n\n\n\n<p class=\"wm-mb-1\"><strong>GeoPool \u00e4r medlem i f\u00f6ljande organisationer:<\/strong><\/p>\n\n\n\n<ul class=\"wp-block-list\">\n<li>Finska branschorganisationen <strong>Kaivosteollisuus ry (FinnMin)<\/strong><\/li>\n\n\n\n<li>Svenska branschorganisationen <strong>Svemin AB<\/strong><\/li>\n<\/ul>\n\n\n\n<figure class=\"wp-block-image aligncenter size-full d-sm-none wm-mt-4 has-text-align-center\"><img decoding=\"async\" width=\"252\" height=\"250\" src=\"https:\/\/geopool.fi\/wp-content\/uploads\/2025\/11\/geopool_discover_together_graph_2_sv.svg\" alt=\"\" class=\"wp-image-3701\"\/><\/figure>\n<\/div>\n<\/div>\n\n\t<\/div>\n<\/section> \n\n\n<section class=\"has-border-bottom-footer-separation wp-elements-bf89dc1f54d89a51630206d66a92f59b wp-block-wm-section has-text-color has-milk-color has-background has-crowberry-blue-background-color\">\n\t\t<div class=\"wp-block-wm-section__inner\">\n\t\t\n\n<h2 class=\"wp-block-heading has-text-align-center wm-rfs-h-50\">GEOPOOLS V\u00c4RDERINGAR<\/h2>\n\n\n\n<p class=\"has-text-align-center\">Vi f\u00f6ljer v\u00e5ra v\u00e4rderingar i v\u00e5rt dagliga arbete, vilket g\u00f6r oss stolta \u00f6ver hur vi agerar och hur vi uppn\u00e5r v\u00e5ra m\u00e5l.<\/p>\n\n\n\r\n<div class=\"wm-values wm-mt-10 wp-block-wm-wrapper\">\r\n    \n\r\n<div class=\"wp-block-wm-wrapper\">\r\n    \n\n<h3 class=\"wp-block-heading\">Kundens framg\u00e5ng<\/h3>\n\n\n\n<p>Ansvarsfullt utf\u00f6rande av projektuppgifter skapar l\u00e5ngsiktigt v\u00e4rde f\u00f6r v\u00e5ra kunder.<\/p>\n\n<\/div>\r\n\n\n\r\n<div class=\"wp-block-wm-wrapper\">\r\n    \n\n<h3 class=\"wp-block-heading\">Ansvarstagande<\/h3>\n\n\n\n<p>Vi anv\u00e4nder branschens b\u00e4sta praxis och delar med oss av information f\u00f6r att skapa en meningsfull dialog med alla ber\u00f6rda intressenter.<\/p>\n\n<\/div>\r\n\n\n\r\n<div class=\"wp-block-wm-wrapper\">\r\n    \n\n<h3 class=\"wp-block-heading\">Gemenskap<\/h3>\n\n\n\n<p>GeoPools samh\u00f6righet \u00e4r k\u00e4rnan och drivkraften f\u00f6r alla tj\u00e4nster och all kommunikation. Denna gemenskap skapar v\u00e4rde och mening f\u00f6r v\u00e5ra anst\u00e4llda, v\u00e5rt arbete, v\u00e5ra kunder och samh\u00e4llet i stort.<\/p>\n\n<\/div>\r\n\n<\/div>\r\n\n\t<\/div>\n<\/section> \n","protected":false},"excerpt":{"rendered":"","protected":false},"author":2,"featured_media":0,"parent":0,"menu_order":0,"comment_status":"closed","ping_status":"closed","template":"","meta":{"inline_featured_image":false,"footnotes":""},"class_list":["post-942","page","type-page","status-publish"],"yoast_head":"<!-- This site is optimized with the Yoast SEO plugin v24.3 - https:\/\/yoast.com\/wordpress\/plugins\/seo\/ -->\n<title>F\u00f6retaget - GeoPool<\/title>\n<meta name=\"description\" content=\"GeoPool was founded in 2007 as a private business in response to the growing need for exploration services in Fennoscandia.\" \/>\n<meta name=\"robots\" content=\"index, follow, max-snippet:-1, max-image-preview:large, max-video-preview:-1\" \/>\n<link rel=\"canonical\" href=\"https:\/\/geopool.fi\/sv\/foretaget\/\" \/>\n<meta property=\"og:locale\" content=\"sv_SE\" \/>\n<meta property=\"og:type\" content=\"article\" \/>\n<meta property=\"og:title\" content=\"F\u00f6retaget - GeoPool\" \/>\n<meta property=\"og:description\" content=\"GeoPool was founded in 2007 as a private business in response to the growing need for exploration services in Fennoscandia.\" \/>\n<meta property=\"og:url\" content=\"https:\/\/geopool.fi\/sv\/foretaget\/\" \/>\n<meta property=\"og:site_name\" content=\"GeoPool\" \/>\n<meta property=\"article:modified_time\" content=\"2025-12-15T08:51:53+00:00\" \/>\n<meta property=\"og:image\" content=\"https:\/\/geopool.fi\/wp-content\/uploads\/2025\/11\/company_web.png\" \/>\n\t<meta property=\"og:image:width\" content=\"1000\" \/>\n\t<meta property=\"og:image:height\" content=\"909\" \/>\n\t<meta property=\"og:image:type\" content=\"image\/png\" \/>\n<meta name=\"twitter:card\" content=\"summary_large_image\" \/>\n<script type=\"application\/ld+json\" class=\"yoast-schema-graph\">{\"@context\":\"https:\/\/schema.org\",\"@graph\":[{\"@type\":\"WebPage\",\"@id\":\"https:\/\/geopool.fi\/sv\/foretaget\/\",\"url\":\"https:\/\/geopool.fi\/sv\/foretaget\/\",\"name\":\"F\u00f6retaget - GeoPool\",\"isPartOf\":{\"@id\":\"https:\/\/geopool.fi\/#website\"},\"primaryImageOfPage\":{\"@id\":\"https:\/\/geopool.fi\/sv\/foretaget\/#primaryimage\"},\"image\":{\"@id\":\"https:\/\/geopool.fi\/sv\/foretaget\/#primaryimage\"},\"thumbnailUrl\":\"https:\/\/geopool.fi\/wp-content\/uploads\/2025\/11\/company_web.png\",\"datePublished\":\"2025-12-15T08:51:50+00:00\",\"dateModified\":\"2025-12-15T08:51:53+00:00\",\"description\":\"GeoPool was founded in 2007 as a private business in response to the growing need for exploration services in Fennoscandia.\",\"breadcrumb\":{\"@id\":\"https:\/\/geopool.fi\/sv\/foretaget\/#breadcrumb\"},\"inLanguage\":\"sv-SE\",\"potentialAction\":[{\"@type\":\"ReadAction\",\"target\":[\"https:\/\/geopool.fi\/sv\/foretaget\/\"]}]},{\"@type\":\"ImageObject\",\"inLanguage\":\"sv-SE\",\"@id\":\"https:\/\/geopool.fi\/sv\/foretaget\/#primaryimage\",\"url\":\"https:\/\/geopool.fi\/wp-content\/uploads\/2025\/11\/company_web.png\",\"contentUrl\":\"https:\/\/geopool.fi\/wp-content\/uploads\/2025\/11\/company_web.png\"},{\"@type\":\"BreadcrumbList\",\"@id\":\"https:\/\/geopool.fi\/sv\/foretaget\/#breadcrumb\",\"itemListElement\":[{\"@type\":\"ListItem\",\"position\":1,\"name\":\"Home\",\"item\":\"https:\/\/geopool.fi\/sv\/\"},{\"@type\":\"ListItem\",\"position\":2,\"name\":\"F\u00f6retaget\"}]},{\"@type\":\"WebSite\",\"@id\":\"https:\/\/geopool.fi\/#website\",\"url\":\"https:\/\/geopool.fi\/\",\"name\":\"GeoPool\",\"description\":\"Discovering together\",\"publisher\":{\"@id\":\"https:\/\/geopool.fi\/#organization\"},\"potentialAction\":[{\"@type\":\"SearchAction\",\"target\":{\"@type\":\"EntryPoint\",\"urlTemplate\":\"https:\/\/geopool.fi\/?s={search_term_string}\"},\"query-input\":{\"@type\":\"PropertyValueSpecification\",\"valueRequired\":true,\"valueName\":\"search_term_string\"}}],\"inLanguage\":\"sv-SE\"},{\"@type\":\"Organization\",\"@id\":\"https:\/\/geopool.fi\/#organization\",\"name\":\"GeoPool\",\"url\":\"https:\/\/geopool.fi\/\",\"logo\":{\"@type\":\"ImageObject\",\"inLanguage\":\"sv-SE\",\"@id\":\"https:\/\/geopool.fi\/#\/schema\/logo\/image\/\",\"url\":\"https:\/\/geopool.fi\/wp-content\/uploads\/2025\/08\/group-4.svg\",\"contentUrl\":\"https:\/\/geopool.fi\/wp-content\/uploads\/2025\/08\/group-4.svg\",\"width\":191,\"height\":57,\"caption\":\"GeoPool\"},\"image\":{\"@id\":\"https:\/\/geopool.fi\/#\/schema\/logo\/image\/\"}}]}<\/script>\n<!-- \/ Yoast SEO plugin. -->","yoast_head_json":{"title":"F\u00f6retaget - GeoPool","description":"GeoPool was founded in 2007 as a private business in response to the growing need for exploration services in Fennoscandia.","robots":{"index":"index","follow":"follow","max-snippet":"max-snippet:-1","max-image-preview":"max-image-preview:large","max-video-preview":"max-video-preview:-1"},"canonical":"https:\/\/geopool.fi\/sv\/foretaget\/","og_locale":"sv_SE","og_type":"article","og_title":"F\u00f6retaget - GeoPool","og_description":"GeoPool was founded in 2007 as a private business in response to the growing need for exploration services in Fennoscandia.","og_url":"https:\/\/geopool.fi\/sv\/foretaget\/","og_site_name":"GeoPool","article_modified_time":"2025-12-15T08:51:53+00:00","og_image":[{"width":1000,"height":909,"url":"https:\/\/geopool.fi\/wp-content\/uploads\/2025\/11\/company_web.png","type":"image\/png"}],"twitter_card":"summary_large_image","schema":{"@context":"https:\/\/schema.org","@graph":[{"@type":"WebPage","@id":"https:\/\/geopool.fi\/sv\/foretaget\/","url":"https:\/\/geopool.fi\/sv\/foretaget\/","name":"F\u00f6retaget - GeoPool","isPartOf":{"@id":"https:\/\/geopool.fi\/#website"},"primaryImageOfPage":{"@id":"https:\/\/geopool.fi\/sv\/foretaget\/#primaryimage"},"image":{"@id":"https:\/\/geopool.fi\/sv\/foretaget\/#primaryimage"},"thumbnailUrl":"https:\/\/geopool.fi\/wp-content\/uploads\/2025\/11\/company_web.png","datePublished":"2025-12-15T08:51:50+00:00","dateModified":"2025-12-15T08:51:53+00:00","description":"GeoPool was founded in 2007 as a private business in response to the growing need for exploration services in Fennoscandia.","breadcrumb":{"@id":"https:\/\/geopool.fi\/sv\/foretaget\/#breadcrumb"},"inLanguage":"sv-SE","potentialAction":[{"@type":"ReadAction","target":["https:\/\/geopool.fi\/sv\/foretaget\/"]}]},{"@type":"ImageObject","inLanguage":"sv-SE","@id":"https:\/\/geopool.fi\/sv\/foretaget\/#primaryimage","url":"https:\/\/geopool.fi\/wp-content\/uploads\/2025\/11\/company_web.png","contentUrl":"https:\/\/geopool.fi\/wp-content\/uploads\/2025\/11\/company_web.png"},{"@type":"BreadcrumbList","@id":"https:\/\/geopool.fi\/sv\/foretaget\/#breadcrumb","itemListElement":[{"@type":"ListItem","position":1,"name":"Home","item":"https:\/\/geopool.fi\/sv\/"},{"@type":"ListItem","position":2,"name":"F\u00f6retaget"}]},{"@type":"WebSite","@id":"https:\/\/geopool.fi\/#website","url":"https:\/\/geopool.fi\/","name":"GeoPool","description":"Discovering together","publisher":{"@id":"https:\/\/geopool.fi\/#organization"},"potentialAction":[{"@type":"SearchAction","target":{"@type":"EntryPoint","urlTemplate":"https:\/\/geopool.fi\/?s={search_term_string}"},"query-input":{"@type":"PropertyValueSpecification","valueRequired":true,"valueName":"search_term_string"}}],"inLanguage":"sv-SE"},{"@type":"Organization","@id":"https:\/\/geopool.fi\/#organization","name":"GeoPool","url":"https:\/\/geopool.fi\/","logo":{"@type":"ImageObject","inLanguage":"sv-SE","@id":"https:\/\/geopool.fi\/#\/schema\/logo\/image\/","url":"https:\/\/geopool.fi\/wp-content\/uploads\/2025\/08\/group-4.svg","contentUrl":"https:\/\/geopool.fi\/wp-content\/uploads\/2025\/08\/group-4.svg","width":191,"height":57,"caption":"GeoPool"},"image":{"@id":"https:\/\/geopool.fi\/#\/schema\/logo\/image\/"}}]}},"_links":{"self":[{"href":"https:\/\/geopool.fi\/sv\/wp-json\/wp\/v2\/pages\/942","targetHints":{"allow":["GET"]}}],"collection":[{"href":"https:\/\/geopool.fi\/sv\/wp-json\/wp\/v2\/pages"}],"about":[{"href":"https:\/\/geopool.fi\/sv\/wp-json\/wp\/v2\/types\/page"}],"author":[{"embeddable":true,"href":"https:\/\/geopool.fi\/sv\/wp-json\/wp\/v2\/users\/2"}],"replies":[{"embeddable":true,"href":"https:\/\/geopool.fi\/sv\/wp-json\/wp\/v2\/comments?post=942"}],"version-history":[{"count":0,"href":"https:\/\/geopool.fi\/sv\/wp-json\/wp\/v2\/pages\/942\/revisions"}],"wp:attachment":[{"href":"https:\/\/geopool.fi\/sv\/wp-json\/wp\/v2\/media?parent=942"}],"curies":[{"name":"wp","href":"https:\/\/api.w.org\/{rel}","templated":true}]}}