{"id":947,"date":"2025-12-01T15:47:09","date_gmt":"2025-12-01T13:47:09","guid":{"rendered":"https:\/\/geopool.fi\/careers\/"},"modified":"2025-12-01T15:47:11","modified_gmt":"2025-12-01T13:47:11","slug":"karriar","status":"publish","type":"page","link":"https:\/\/geopool.fi\/sv\/karriar\/","title":{"rendered":"Karri\u00e4r"},"content":{"rendered":"\n<div class=\"has-pattern has-pattern-top-left -header wp-elements-bb80001ace0a16958db7baaf1377293b wp-block-wm-header has-text-color has-milk-color has-background has-crowberry-blue-background-color\">\n    <div id=\"top\" class=\"wp-block-wm-header__inner\">\n        \n\n<div class=\"wp-block-columns -c6-6 row\">\n<div class=\"wp-block-column col\">\n<h1 class=\"wp-block-heading\">KARRI\u00c4R<\/h1>\n\n\n\n<p class=\"wm-rfs-h3 wm-mb-3\">Kom uppt\u00e4ck tillsammans med oss!<\/p>\n\n\n\n<p><strong>Vi rekryterar nya GeoPoolers till v\u00e5r expertorganisation.&nbsp;<\/strong>GeoPool erbjuder ett brett utbud av karri\u00e4rm\u00f6jligheter inom prospektering och geologisk forskning.<\/p>\n\n\n\n<p>P\u00e5 GeoPool kan du utveckla din kompetens genom att arbeta i olika skeden av prospektering med en m\u00e4ngd olika kunder verksamma i de nordiska l\u00e4nderna. Inom v\u00e5r organisation har du m\u00f6jlighet att tillhandah\u00e5lla l\u00f6sningar som gynnar v\u00e5ra kunder, lokalsamh\u00e4llen och hela branschen. Nyckeln till framg\u00e5ngsrik prospektering \u00e4r, enligt oss, att f\u00f6rtj\u00e4na och beh\u00e5lla det sociala f\u00f6rtroendet f\u00f6r att bedriva fortsatt verksamhet.<\/p>\n<\/div>\n\n\n\n<div class=\"wp-block-column col\">\n<figure class=\"wp-block-image alignright size-full\"><img decoding=\"async\" width=\"680\" height=\"618\" src=\"https:\/\/geopool.fi\/wp-content\/uploads\/2025\/12\/careers_web.png\" alt=\"\" class=\"wp-image-4119\" srcset=\"https:\/\/geopool.fi\/wp-content\/uploads\/2025\/12\/careers_web.png 680w, https:\/\/geopool.fi\/wp-content\/uploads\/2025\/12\/careers_web-500x454.png 500w\" sizes=\"(max-width: 680px) 100vw, 680px\" \/><\/figure>\n<\/div>\n<\/div>\n\n    <\/div>\n<\/div>\n\n\n<section class=\"wp-elements-52f043428960a2a306512f524e8808d1 wp-block-wm-section has-text-color has-crowberry-blue-color has-background has-satin-linen-background-color\">\n\t\t<div class=\"wp-block-wm-section__inner\">\n\t\t\n\n<h2 class=\"wp-block-heading has-text-align-center\">LEDIGA TJ\u00c4NSTER<\/h2>\n\n\n        <div class=\"wm-jobs\">\n                            <div class=\"wm-jobs__job\">\n                    <div class=\"wm-jobs__jobText\">\n                        <h2 class=\"wm-rfs-h-25\">Expert geovetare<\/h6>\n                        <p>GeoPool s\u00f6ker experter inom prospekterings- och gruvindustrin f\u00f6r att st\u00f6dja v\u00e5ra geologiska tj\u00e4nster och f\u00f6r att utveckla v\u00e5r tj\u00e4nsteportf\u00f6lj. <\/p>\n                        <div class=\"wm-jobs__jobTags\">\n                            <span><i class=\"fal fa-map-marker-alt\"><\/i>Finland<\/span> <span><i class=\"fal fa-map-marker-alt\"><\/i>Sverige<\/span> <span><i class=\"fal fa-map-marker-alt\"><\/i>Distansarbete<\/span> <span><i class=\"fal fa-clock\"><\/i>Heltid<\/span>                         <\/div>\n                    <\/div>\n                    <div class=\"wm-jobs__jobLinks\">\n                        <div class=\"wp-block-buttons justify-content-end\">\n                            <div class=\"wp-block-button -beige\">\n                                <a class=\"wp-block-button__link\" href=\"https:\/\/geopool.fi\/sv\/jobb\/expert-geovetare\/\">L\u00e4s mer<\/a> \n                            <\/div> \n                        <\/div>\n                                            <\/div>\n                <\/div>\n                            <div class=\"wm-jobs__job\">\n                    <div class=\"wm-jobs__jobText\">\n                        <h2 class=\"wm-rfs-h-25\">Senior prospekterings&shy;geolog<\/h6>\n                        <p>GeoPool s\u00f6ker en erfaren prospekteringsgeolog f\u00f6r att organisera och leda v\u00e5r f\u00e4ltverksamhet. Tj\u00e4nsten \u00e4r en tillsvidareanst\u00e4llning med tilltr\u00e4de s\u00e5 snart som m\u00f6jligt.<\/p>\n                        <div class=\"wm-jobs__jobTags\">\n                            <span><i class=\"fal fa-map-marker-alt\"><\/i>Finland<\/span> <span><i class=\"fal fa-map-marker-alt\"><\/i>Sverige<\/span> <span><i class=\"fal fa-map-marker-alt\"><\/i>Distansarbete<\/span> <span><i class=\"fal fa-clock\"><\/i>Heltid<\/span>                         <\/div>\n                    <\/div>\n                    <div class=\"wm-jobs__jobLinks\">\n                        <div class=\"wp-block-buttons justify-content-end\">\n                            <div class=\"wp-block-button -beige\">\n                                <a class=\"wp-block-button__link\" href=\"https:\/\/geopool.fi\/sv\/jobb\/senior-prospekteringsgeolog\/\">L\u00e4s mer<\/a> \n                            <\/div> \n                        <\/div>\n                                            <\/div>\n                <\/div>\n                            <div class=\"wm-jobs__job\">\n                    <div class=\"wm-jobs__jobText\">\n                        <h2 class=\"wm-rfs-h-25\">Prospekterings&shy;geolog<\/h6>\n                        <p>Vi s\u00f6ker mineralprospekteringsgeologer som kan ta hand om den praktiska organisationen av f\u00e4ltunders\u00f6kningar och rapporteringen av geologiska prover.<\/p>\n                        <div class=\"wm-jobs__jobTags\">\n                            <span><i class=\"fal fa-map-marker-alt\"><\/i>Finland<\/span> <span><i class=\"fal fa-map-marker-alt\"><\/i>Sverige<\/span> <span><i class=\"fal fa-clock\"><\/i>Heltid<\/span>                         <\/div>\n                    <\/div>\n                    <div class=\"wm-jobs__jobLinks\">\n                        <div class=\"wp-block-buttons justify-content-end\">\n                            <div class=\"wp-block-button -beige\">\n                                <a class=\"wp-block-button__link\" href=\"https:\/\/geopool.fi\/sv\/jobb\/prospekteringsgeolog\/\">L\u00e4s mer<\/a> \n                            <\/div> \n                        <\/div>\n                                            <\/div>\n                <\/div>\n                    <\/div>\n\n    \n\n\t<\/div>\n<\/section> \n","protected":false},"excerpt":{"rendered":"","protected":false},"author":2,"featured_media":0,"parent":0,"menu_order":0,"comment_status":"closed","ping_status":"closed","template":"","meta":{"inline_featured_image":false,"footnotes":""},"class_list":["post-947","page","type-page","status-publish"],"yoast_head":"<!-- This site is optimized with the Yoast SEO plugin v24.3 - https:\/\/yoast.com\/wordpress\/plugins\/seo\/ -->\n<title>Karri\u00e4r - GeoPool<\/title>\n<meta name=\"description\" content=\"GeoPool offers a wide range of career path possibilities in the scope of exploration and geological research.\" \/>\n<meta name=\"robots\" content=\"index, follow, max-snippet:-1, max-image-preview:large, max-video-preview:-1\" \/>\n<link rel=\"canonical\" href=\"https:\/\/geopool.fi\/sv\/karriar\/\" \/>\n<meta property=\"og:locale\" content=\"sv_SE\" \/>\n<meta property=\"og:type\" content=\"article\" \/>\n<meta property=\"og:title\" content=\"Karri\u00e4r - GeoPool\" \/>\n<meta property=\"og:description\" content=\"GeoPool offers a wide range of career path possibilities in the scope of exploration and geological research.\" \/>\n<meta property=\"og:url\" content=\"https:\/\/geopool.fi\/sv\/karriar\/\" \/>\n<meta property=\"og:site_name\" content=\"GeoPool\" \/>\n<meta property=\"article:modified_time\" content=\"2025-12-01T13:47:11+00:00\" \/>\n<meta property=\"og:image\" content=\"https:\/\/geopool.fi\/wp-content\/uploads\/2025\/12\/careers_web.png\" \/>\n\t<meta property=\"og:image:width\" content=\"680\" \/>\n\t<meta property=\"og:image:height\" content=\"618\" \/>\n\t<meta property=\"og:image:type\" content=\"image\/png\" \/>\n<meta name=\"twitter:card\" content=\"summary_large_image\" \/>\n<script type=\"application\/ld+json\" class=\"yoast-schema-graph\">{\"@context\":\"https:\/\/schema.org\",\"@graph\":[{\"@type\":\"WebPage\",\"@id\":\"https:\/\/geopool.fi\/sv\/karriar\/\",\"url\":\"https:\/\/geopool.fi\/sv\/karriar\/\",\"name\":\"Karri\u00e4r - GeoPool\",\"isPartOf\":{\"@id\":\"https:\/\/geopool.fi\/#website\"},\"primaryImageOfPage\":{\"@id\":\"https:\/\/geopool.fi\/sv\/karriar\/#primaryimage\"},\"image\":{\"@id\":\"https:\/\/geopool.fi\/sv\/karriar\/#primaryimage\"},\"thumbnailUrl\":\"https:\/\/geopool.fi\/wp-content\/uploads\/2025\/12\/careers_web.png\",\"datePublished\":\"2025-12-01T13:47:09+00:00\",\"dateModified\":\"2025-12-01T13:47:11+00:00\",\"description\":\"GeoPool offers a wide range of career path possibilities in the scope of exploration and geological research.\",\"breadcrumb\":{\"@id\":\"https:\/\/geopool.fi\/sv\/karriar\/#breadcrumb\"},\"inLanguage\":\"sv-SE\",\"potentialAction\":[{\"@type\":\"ReadAction\",\"target\":[\"https:\/\/geopool.fi\/sv\/karriar\/\"]}]},{\"@type\":\"ImageObject\",\"inLanguage\":\"sv-SE\",\"@id\":\"https:\/\/geopool.fi\/sv\/karriar\/#primaryimage\",\"url\":\"https:\/\/geopool.fi\/wp-content\/uploads\/2025\/12\/careers_web.png\",\"contentUrl\":\"https:\/\/geopool.fi\/wp-content\/uploads\/2025\/12\/careers_web.png\"},{\"@type\":\"BreadcrumbList\",\"@id\":\"https:\/\/geopool.fi\/sv\/karriar\/#breadcrumb\",\"itemListElement\":[{\"@type\":\"ListItem\",\"position\":1,\"name\":\"Home\",\"item\":\"https:\/\/geopool.fi\/sv\/\"},{\"@type\":\"ListItem\",\"position\":2,\"name\":\"Karri\u00e4r\"}]},{\"@type\":\"WebSite\",\"@id\":\"https:\/\/geopool.fi\/#website\",\"url\":\"https:\/\/geopool.fi\/\",\"name\":\"GeoPool\",\"description\":\"Discovering together\",\"publisher\":{\"@id\":\"https:\/\/geopool.fi\/#organization\"},\"potentialAction\":[{\"@type\":\"SearchAction\",\"target\":{\"@type\":\"EntryPoint\",\"urlTemplate\":\"https:\/\/geopool.fi\/?s={search_term_string}\"},\"query-input\":{\"@type\":\"PropertyValueSpecification\",\"valueRequired\":true,\"valueName\":\"search_term_string\"}}],\"inLanguage\":\"sv-SE\"},{\"@type\":\"Organization\",\"@id\":\"https:\/\/geopool.fi\/#organization\",\"name\":\"GeoPool\",\"url\":\"https:\/\/geopool.fi\/\",\"logo\":{\"@type\":\"ImageObject\",\"inLanguage\":\"sv-SE\",\"@id\":\"https:\/\/geopool.fi\/#\/schema\/logo\/image\/\",\"url\":\"https:\/\/geopool.fi\/wp-content\/uploads\/2025\/08\/group-4.svg\",\"contentUrl\":\"https:\/\/geopool.fi\/wp-content\/uploads\/2025\/08\/group-4.svg\",\"width\":191,\"height\":57,\"caption\":\"GeoPool\"},\"image\":{\"@id\":\"https:\/\/geopool.fi\/#\/schema\/logo\/image\/\"}}]}<\/script>\n<!-- \/ Yoast SEO plugin. -->","yoast_head_json":{"title":"Karri\u00e4r - GeoPool","description":"GeoPool offers a wide range of career path possibilities in the scope of exploration and geological research.","robots":{"index":"index","follow":"follow","max-snippet":"max-snippet:-1","max-image-preview":"max-image-preview:large","max-video-preview":"max-video-preview:-1"},"canonical":"https:\/\/geopool.fi\/sv\/karriar\/","og_locale":"sv_SE","og_type":"article","og_title":"Karri\u00e4r - GeoPool","og_description":"GeoPool offers a wide range of career path possibilities in the scope of exploration and geological research.","og_url":"https:\/\/geopool.fi\/sv\/karriar\/","og_site_name":"GeoPool","article_modified_time":"2025-12-01T13:47:11+00:00","og_image":[{"width":680,"height":618,"url":"https:\/\/geopool.fi\/wp-content\/uploads\/2025\/12\/careers_web.png","type":"image\/png"}],"twitter_card":"summary_large_image","schema":{"@context":"https:\/\/schema.org","@graph":[{"@type":"WebPage","@id":"https:\/\/geopool.fi\/sv\/karriar\/","url":"https:\/\/geopool.fi\/sv\/karriar\/","name":"Karri\u00e4r - GeoPool","isPartOf":{"@id":"https:\/\/geopool.fi\/#website"},"primaryImageOfPage":{"@id":"https:\/\/geopool.fi\/sv\/karriar\/#primaryimage"},"image":{"@id":"https:\/\/geopool.fi\/sv\/karriar\/#primaryimage"},"thumbnailUrl":"https:\/\/geopool.fi\/wp-content\/uploads\/2025\/12\/careers_web.png","datePublished":"2025-12-01T13:47:09+00:00","dateModified":"2025-12-01T13:47:11+00:00","description":"GeoPool offers a wide range of career path possibilities in the scope of exploration and geological research.","breadcrumb":{"@id":"https:\/\/geopool.fi\/sv\/karriar\/#breadcrumb"},"inLanguage":"sv-SE","potentialAction":[{"@type":"ReadAction","target":["https:\/\/geopool.fi\/sv\/karriar\/"]}]},{"@type":"ImageObject","inLanguage":"sv-SE","@id":"https:\/\/geopool.fi\/sv\/karriar\/#primaryimage","url":"https:\/\/geopool.fi\/wp-content\/uploads\/2025\/12\/careers_web.png","contentUrl":"https:\/\/geopool.fi\/wp-content\/uploads\/2025\/12\/careers_web.png"},{"@type":"BreadcrumbList","@id":"https:\/\/geopool.fi\/sv\/karriar\/#breadcrumb","itemListElement":[{"@type":"ListItem","position":1,"name":"Home","item":"https:\/\/geopool.fi\/sv\/"},{"@type":"ListItem","position":2,"name":"Karri\u00e4r"}]},{"@type":"WebSite","@id":"https:\/\/geopool.fi\/#website","url":"https:\/\/geopool.fi\/","name":"GeoPool","description":"Discovering together","publisher":{"@id":"https:\/\/geopool.fi\/#organization"},"potentialAction":[{"@type":"SearchAction","target":{"@type":"EntryPoint","urlTemplate":"https:\/\/geopool.fi\/?s={search_term_string}"},"query-input":{"@type":"PropertyValueSpecification","valueRequired":true,"valueName":"search_term_string"}}],"inLanguage":"sv-SE"},{"@type":"Organization","@id":"https:\/\/geopool.fi\/#organization","name":"GeoPool","url":"https:\/\/geopool.fi\/","logo":{"@type":"ImageObject","inLanguage":"sv-SE","@id":"https:\/\/geopool.fi\/#\/schema\/logo\/image\/","url":"https:\/\/geopool.fi\/wp-content\/uploads\/2025\/08\/group-4.svg","contentUrl":"https:\/\/geopool.fi\/wp-content\/uploads\/2025\/08\/group-4.svg","width":191,"height":57,"caption":"GeoPool"},"image":{"@id":"https:\/\/geopool.fi\/#\/schema\/logo\/image\/"}}]}},"_links":{"self":[{"href":"https:\/\/geopool.fi\/sv\/wp-json\/wp\/v2\/pages\/947","targetHints":{"allow":["GET"]}}],"collection":[{"href":"https:\/\/geopool.fi\/sv\/wp-json\/wp\/v2\/pages"}],"about":[{"href":"https:\/\/geopool.fi\/sv\/wp-json\/wp\/v2\/types\/page"}],"author":[{"embeddable":true,"href":"https:\/\/geopool.fi\/sv\/wp-json\/wp\/v2\/users\/2"}],"replies":[{"embeddable":true,"href":"https:\/\/geopool.fi\/sv\/wp-json\/wp\/v2\/comments?post=947"}],"version-history":[{"count":0,"href":"https:\/\/geopool.fi\/sv\/wp-json\/wp\/v2\/pages\/947\/revisions"}],"wp:attachment":[{"href":"https:\/\/geopool.fi\/sv\/wp-json\/wp\/v2\/media?parent=947"}],"curies":[{"name":"wp","href":"https:\/\/api.w.org\/{rel}","templated":true}]}}